{"id":3807,"date":"2022-11-02T08:26:02","date_gmt":"2022-11-02T07:26:02","guid":{"rendered":"https:\/\/www.dolomitivillage.it\/shop\/besondere-traumnacht-im-chalet\/"},"modified":"2024-01-11T12:15:31","modified_gmt":"2024-01-11T11:15:31","slug":"traumnacht-in-einem-chalet","status":"publish","type":"product","link":"https:\/\/www.dolomitivillage.it\/de\/produkt\/traumnacht-in-einem-chalet\/","title":{"rendered":"Unvergessliche Traumnacht im Chalet"},"content":{"rendered":"<p>Das Paket beinhaltet:<\/p>\n<ul>\n<li>eine \u00dcbernachtung im Chalet mit Doppel-Whirlpool<\/li>\n<li>s\u00fc\u00dfer Guten Morgen mit Fr\u00fchst\u00fcck in der Cafeteria des Restaurants Borgo Nomplan<\/li>\n<li>Ein Abendessen in unserem Restaurant Borgo Nomplan mit zwei G\u00e4ngen und einer Auswahl an Desserts aus unserer Speisekarte, Getr\u00e4nke nicht inbegriffen<\/li>\n<li>Ein exklusives Paar-Wellnessprogramm (120min) im Calluna Spa<\/li>\n<li>Im Zimmer befindet sich eine Flasche prickelnden Wein sowie ein Korb mit saisonalem Obst<\/li>\n<\/ul>\n","protected":false},"excerpt":{"rendered":"<p>Das Paket beinhaltet: eine \u00dcbernachtung im Chalet mit Doppel-Whirlpool s\u00fc\u00dfer Guten Morgen mit Fr\u00fchst\u00fcck in der Cafeteria des Restaurants Borgo Nomplan Ein Abendessen in unserem Restaurant Borgo Nomplan mit zwei G\u00e4ngen und einer Auswahl an Desserts aus unserer Speisekarte, Getr\u00e4nke nicht inbegriffen Ein exklusives Paar-Wellnessprogramm (120min) im Calluna Spa Im Zimmer befindet sich eine Flasche [&hellip;]<\/p>\n","protected":false},"featured_media":2949,"template":"","meta":{"_et_pb_use_builder":"off","_et_pb_old_content":"<span style=\"font-weight: 400\">Das Paket beinhaltet<\/span>\n<ul>\n \t<li style=\"font-weight: 400\"><span style=\"font-weight: 400\">eine \u00dcbernachtung im Chalet mit Doppel-Whirlpool<\/span><\/li>\n \t<li style=\"font-weight: 400\"><span style=\"font-weight: 400\">Ein s\u00fc\u00dfer Guten Morgen mit Fr\u00fchst\u00fccksbuffet im Restaurant Borgo Nomplan<\/span><\/li>\n \t<li style=\"font-weight: 400\"><span style=\"font-weight: 400\">ein Abendessen in unserem Restaurant Borgo Nomplan mit zwei G\u00e4ngen + Dessert Ihrer Wahl aus unserer Speisekarte, Getr\u00e4nke nicht inbegriffen<\/span><\/li>\n \t<li style=\"font-weight: 400\"><span style=\"font-weight: 400\">Ein exklusives Paar-Wellnessprogramm (120min) im Calluna Spa<\/span><\/li>\n \t<li style=\"font-weight: 400\"><span style=\"font-weight: 400\">Im Zimmer befindet sich eine Flasche prickelnden Wein sowie ein Korb mit saisonalem Obst<\/span><\/li>\n<\/ul>","_et_gb_content_width":""},"product_brand":[],"product_cat":[41],"product_tag":[],"class_list":{"0":"post-3807","1":"product","2":"type-product","3":"status-publish","4":"has-post-thumbnail","6":"product_cat-pakete","8":"first","9":"instock","10":"virtual","11":"purchasable","12":"product-type-simple"},"_links":{"self":[{"href":"https:\/\/www.dolomitivillage.it\/de\/wp-json\/wp\/v2\/product\/3807","targetHints":{"allow":["GET"]}}],"collection":[{"href":"https:\/\/www.dolomitivillage.it\/de\/wp-json\/wp\/v2\/product"}],"about":[{"href":"https:\/\/www.dolomitivillage.it\/de\/wp-json\/wp\/v2\/types\/product"}],"wp:featuredmedia":[{"embeddable":true,"href":"https:\/\/www.dolomitivillage.it\/de\/wp-json\/wp\/v2\/media\/2949"}],"wp:attachment":[{"href":"https:\/\/www.dolomitivillage.it\/de\/wp-json\/wp\/v2\/media?parent=3807"}],"wp:term":[{"taxonomy":"product_brand","embeddable":true,"href":"https:\/\/www.dolomitivillage.it\/de\/wp-json\/wp\/v2\/product_brand?post=3807"},{"taxonomy":"product_cat","embeddable":true,"href":"https:\/\/www.dolomitivillage.it\/de\/wp-json\/wp\/v2\/product_cat?post=3807"},{"taxonomy":"product_tag","embeddable":true,"href":"https:\/\/www.dolomitivillage.it\/de\/wp-json\/wp\/v2\/product_tag?post=3807"}],"curies":[{"name":"wp","href":"https:\/\/api.w.org\/{rel}","templated":true}]}}