{"id":3805,"date":"2022-11-02T08:30:40","date_gmt":"2022-11-02T07:30:40","guid":{"rendered":"https:\/\/www.dolomitivillage.it\/shop\/exklusives-frauen-spa-junggesellinnenabschied\/"},"modified":"2024-01-29T07:55:41","modified_gmt":"2024-01-29T06:55:41","slug":"spa-frauen-junggesellinnenabschied","status":"publish","type":"product","link":"https:\/\/www.dolomitivillage.it\/de\/produkt\/spa-frauen-junggesellinnenabschied\/","title":{"rendered":"Exklusives Frauen Spa, Junggesellinnenabschied"},"content":{"rendered":"<p>Wollen Sie heiraten? Oder steht Ihr Freund kurz vor dem gro\u00dfen Schritt?<\/p>\n<p>Dann wird es Zeit f\u00fcr einen Junggesellenabschied, aber wenn Sie die \u00fcblichen Partys, wilden N\u00e4chte und Discon\u00e4chte nicht m\u00f6gen, hier die L\u00f6sung: W\u00e4hlen Sie den SPA-Bereich \u201eCalluna\u201c, um auf originelle Weise zu feiern. Sie k\u00f6nnen einige Zeit in unserem Wellnesscenter in Gesellschaft Ihrer Freunde verbringen und sich entspannen.<\/p>\n<p>F\u00fcr 4 bis 8 Personen: \u20ac30 pro Person | 2-st\u00fcndiges Programm<\/p>\n","protected":false},"excerpt":{"rendered":"<p>Wollen Sie heiraten? Oder steht Ihr Freund kurz vor dem gro\u00dfen Schritt? Dann wird es Zeit f\u00fcr einen Junggesellenabschied, aber wenn Sie die \u00fcblichen Partys, wilden N\u00e4chte und Discon\u00e4chte nicht m\u00f6gen, hier die L\u00f6sung: W\u00e4hlen Sie den SPA-Bereich \u201eCalluna\u201c, um auf originelle Weise zu feiern. Sie k\u00f6nnen einige Zeit in unserem Wellnesscenter in Gesellschaft Ihrer [&hellip;]<\/p>\n","protected":false},"featured_media":19366765,"template":"","meta":{"_et_pb_use_builder":"","_et_pb_old_content":"","_et_gb_content_width":""},"product_brand":[],"product_cat":[41],"product_tag":[],"class_list":{"0":"post-3805","1":"product","2":"type-product","3":"status-publish","4":"has-post-thumbnail","6":"product_cat-pakete","8":"first","9":"instock","10":"virtual","11":"purchasable","12":"product-type-simple"},"_links":{"self":[{"href":"https:\/\/www.dolomitivillage.it\/de\/wp-json\/wp\/v2\/product\/3805","targetHints":{"allow":["GET"]}}],"collection":[{"href":"https:\/\/www.dolomitivillage.it\/de\/wp-json\/wp\/v2\/product"}],"about":[{"href":"https:\/\/www.dolomitivillage.it\/de\/wp-json\/wp\/v2\/types\/product"}],"wp:featuredmedia":[{"embeddable":true,"href":"https:\/\/www.dolomitivillage.it\/de\/wp-json\/wp\/v2\/media\/19366765"}],"wp:attachment":[{"href":"https:\/\/www.dolomitivillage.it\/de\/wp-json\/wp\/v2\/media?parent=3805"}],"wp:term":[{"taxonomy":"product_brand","embeddable":true,"href":"https:\/\/www.dolomitivillage.it\/de\/wp-json\/wp\/v2\/product_brand?post=3805"},{"taxonomy":"product_cat","embeddable":true,"href":"https:\/\/www.dolomitivillage.it\/de\/wp-json\/wp\/v2\/product_cat?post=3805"},{"taxonomy":"product_tag","embeddable":true,"href":"https:\/\/www.dolomitivillage.it\/de\/wp-json\/wp\/v2\/product_tag?post=3805"}],"curies":[{"name":"wp","href":"https:\/\/api.w.org\/{rel}","templated":true}]}}