{"id":3785,"date":"2022-09-26T08:04:20","date_gmt":"2022-09-26T06:04:20","guid":{"rendered":"https:\/\/www.dolomitivillage.it\/buchung\/"},"modified":"2026-01-02T19:14:39","modified_gmt":"2026-01-02T18:14:39","slug":"buchung","status":"publish","type":"page","link":"https:\/\/www.dolomitivillage.it\/de\/buchung\/","title":{"rendered":"Buchung"},"content":{"rendered":"<p>[et_pb_section fb_built=&#8220;1&#8243; _builder_version=&#8220;4.20.0&#8243; _module_preset=&#8220;default&#8220; background_color=&#8220;#f9f9f9&#8243; custom_padding=&#8220;0px||0px|||&#8220; global_colors_info=&#8220;{}&#8220;][et_pb_row use_custom_gutter=&#8220;on&#8220; gutter_width=&#8220;1&#8243; _builder_version=&#8220;4.27.4&#8243; _module_preset=&#8220;default&#8220; custom_padding=&#8220;||0px||false|false&#8220; global_colors_info=&#8220;{}&#8220;][et_pb_column type=&#8220;4_4&#8243; _builder_version=&#8220;4.19.2&#8243; _module_preset=&#8220;default&#8220; global_colors_info=&#8220;{}&#8220;][et_pb_text _builder_version=&#8220;4.27.5&#8243; _module_preset=&#8220;default&#8220; hover_enabled=&#8220;0&#8243; global_colors_info=&#8220;{}&#8220; sticky_enabled=&#8220;0&#8243;]<\/p>\n<h1>Buchen Sie Ihren Aufenthalt<\/h1>\n<p>[\/et_pb_text][\/et_pb_column][\/et_pb_row][\/et_pb_section][et_pb_section fb_built=&#8220;1&#8243; disabled_on=&#8220;off|off|off&#8220; admin_label=&#8220;Booking Widget&#8220; _builder_version=&#8220;4.27.4&#8243; _module_preset=&#8220;default&#8220; background_color=&#8220;#f9f9f9&#8243; custom_padding=&#8220;0px||0px|||&#8220; global_module=&#8220;3498&#8243; global_colors_info=&#8220;{}&#8220;][et_pb_row _builder_version=&#8220;4.19.5&#8243; _module_preset=&#8220;default&#8220; background_color=&#8220;RGBA(255,255,255,0)&#8220; width_tablet=&#8220;&#8220; width_phone=&#8220;90%&#8220; width_last_edited=&#8220;on|phone&#8220; max_width=&#8220;1451px&#8220; custom_margin=&#8220;12px|auto||auto|false|false&#8220; custom_padding=&#8220;0px||0px||true|false&#8220; global_colors_info=&#8220;{}&#8220;][et_pb_column type=&#8220;4_4&#8243; _builder_version=&#8220;4.17.6&#8243; _module_preset=&#8220;default&#8220; global_colors_info=&#8220;{}&#8220;][et_pb_text _builder_version=&#8220;4.27.5&#8243; _module_preset=&#8220;default&#8220; hover_enabled=&#8220;0&#8243; global_colors_info=&#8220;{}&#8220; sticky_enabled=&#8220;0&#8243;]\n\t\t<!-- https:\/\/kb.wubook.net\/help\/en-gb\/173-zak-booking-engine\/406-zak-booking-engine-widget-and-sharing -->\n\n\t\t<!-- <script src=\"https:\/\/wubook.net\/js\/nebi\/iframe.jgz\"><\/script> -->\n\t\t<!-- <div id=\"booking-form-test\"><\/div>\n\t\t<script>\n\t\t\tvar url= 'https:\/\/wubook.net\/neb\/bk?ep=f2daf05b';\n\t\t\tvar target= '#booking-form-test';\n\t\t\tvar Neb= new ZakNebIframe(target, url);\n\t\t\tNeb.render();\n\t\t<\/script> -->\n\n\t\t<!-- <script class=\"kas_online_reception\" src=\"https:\/\/wubook.net\/js\/nebk\/bwidget.jgz\" data-wid=\"f088d41f-b82a-4f40-8de1-16703f43f943\"><\/script> -->\n\n\t\t<!-- https:\/\/wubook.net\/neb\/bk?ep=f2daf05b&lang=en&c=EUR&f=17%2F03%2F2023&t=19%2F03%2F2023&jr=%5B%7B%22occupancy%22%3A%7B%22adults%22%3A1%2C%22children%22%3A0%2C%22teens%22%3A%5B16%2C8%5D%2C%22babies%22%3A0%7D%7D%5D -->\n\n\t\t<!-- <script class=\"kas_online_reception\" src=\"https:\/\/wubook.net\/js\/nebk\/bwidget.jgz\" data-wid=\"f088d41f-b82a-4f40-8de1-16703f43f943\"><\/script> -->\n\n\t\t<form id=\"booking-form\" class=\"booking-horizontal\" action=\"https:\/\/wubook.net\/nneb\/bk\" method=\"get\" target=\"_blank\">\n\n\t\t\t<input type=\"hidden\" name=\"ep\" value=\"f2daf05b\">\n\t\t\t<input type=\"hidden\" name=\"w_id\" value=\"1519\">\n\t\t\t<input type=\"hidden\" name=\"lang\" value=\"it\">\n\t\t\t<input type=\"hidden\" name=\"c\" value=\"EUR\">\n\t\t\t<input type=\"hidden\" name=\"f\" value=\"02\/05\/2026\">\n\t\t\t<input type=\"hidden\" name=\"t\" value=\"03\/05\/2026\">\n\n\t\t\t<div class=\"wh-group wh-checkin-wrapper\">\n\t\t\t\t<label for=\"checkin-picker\">Arrival Date:<\/label>\n\t\t\t\t<input type=\"text\" id=\"checkin-picker\" class=\"hasDatepicker form-control\">\n\t\t\t<\/div>\n\n\t\t\t\n\t\t\t\t<div class=\"wh-group wh-checkout-wrapper\">\n\t\t\t\t\t<label for=\"checkout-picker\">Departure Date:<\/label>\n\t\t\t\t\t<input type=\"text\" id=\"checkout-picker\" class=\"hasDatepicker form-control\">\n\t\t\t\t<\/div>\n\n\t\t\t\n\t\t\t\n\t\t\t\n\t\t\t\n\t\t\t\n\t\t\t<div class=\"wh-group\">\n\t\t\t\t<button type=\"submit\" class=\"btn btn-primary\">Check Availability<\/button>\n\t\t\t<\/div>\n\n\t\t<\/form>\n\n[\/et_pb_text][\/et_pb_column][\/et_pb_row][\/et_pb_section][et_pb_section fb_built=&#8220;1&#8243; admin_label=&#8220;Cancellation Policy&#8220; _builder_version=&#8220;4.20.0&#8243; _module_preset=&#8220;default&#8220; background_color=&#8220;#f9f9f9&#8243; custom_padding=&#8220;0px||0px|||&#8220; global_module=&#8220;3987&#8243; saved_tabs=&#8220;all&#8220; global_colors_info=&#8220;{}&#8220;][et_pb_row _builder_version=&#8220;4.20.0&#8243; _module_preset=&#8220;default&#8220; global_colors_info=&#8220;{}&#8220;][et_pb_column type=&#8220;4_4&#8243; _builder_version=&#8220;4.20.0&#8243; _module_preset=&#8220;default&#8220; global_colors_info=&#8220;{}&#8220;][et_pb_text _builder_version=&#8220;4.23.4&#8243; _module_preset=&#8220;default&#8220; header_3_font=&#8220;||||||||&#8220; global_colors_info=&#8220;{}&#8220;]<\/p>\n<h3>Um die Verf\u00fcgbarkeit w\u00e4hrend der Hochsaison (vom 2.02. bis 24.02., vom 19.07. bis 7.09., vom 20.12. bis 7.01.) zu pr\u00fcfen, kontaktieren Sie uns direkt.<\/h3>\n<p>[\/et_pb_text][et_pb_text _builder_version=&#8220;4.23.4&#8243; _module_preset=&#8220;default&#8220; header_3_font=&#8220;||||||||&#8220; global_colors_info=&#8220;{}&#8220;]<\/p>\n<h3>Stornierungsrichtlinie<\/h3>\n<p>Wenn Sie eine Reservierung weniger als 14 Tage im Voraus stornieren (Mittelsaison- oder Nebensaison-Referenzzeitraum), wird eine Stornogeb\u00fchr in H\u00f6he von 50% der Reservierungskosten erhoben.<\/p>\n<p>Wenn Sie eine Reservierung weniger als 30 Tage im Voraus stornieren (Hochsaison-Referenzzeitraum), wird eine Stornogeb\u00fchr in H\u00f6he von 50% der Reservierungskosten erhoben.<\/p>\n<p>Bei Stornierung Ihrer Reservierung mit weniger als 24 Stunden Vorlaufzeit (ab 00:00 Uhr am Tag der Anreise) oder im Falle eines Nichterscheinens wird der gesamte Reservierungsbetrag einbehalten.<\/p>\n<p>Wenn der Gast innerhalb des festgelegten Zeitraums storniert und eine R\u00fcckerstattung der geleisteten Anzahlung beantragt, wird eine Summe in H\u00f6he von 10% der geleisteten Anzahlung einbehalten.<\/p>\n<p>[\/et_pb_text][et_pb_text _builder_version=&#8220;4.25.1&#8243; _module_preset=&#8220;default&#8220; global_colors_info=&#8220;{}&#8220;]<\/p>\n<h2>H\u00e4ufig gestellten Fragen<\/h2>\n<p>Sind Haustiere erlaubt? &#8222;Was sind die Regeln der Einrichtung?&#8220; etc.<\/p>\n<p>Wir haben eine Liste der \u201e<a href=\"https:\/\/www.dolomitivillage.it\/de\/faqs\/\">H\u00e4ufig gestellten Fragen<\/a>\u201c zusammengestellt. <a href=\"https:\/\/www.dolomitivillage.it\/de\/kontakt\/\">Kontaktieren Sie uns<\/a> f\u00fcr weitere Informationen.<\/p>\n<p>[\/et_pb_text][\/et_pb_column][\/et_pb_row][et_pb_row _builder_version=&#8220;4.23.4&#8243; _module_preset=&#8220;default&#8220; custom_margin=&#8220;||30px||false|false&#8220; custom_padding=&#8220;0px||||false|false&#8220; global_colors_info=&#8220;{}&#8220;][et_pb_column type=&#8220;4_4&#8243; _builder_version=&#8220;4.20.0&#8243; _module_preset=&#8220;default&#8220; global_colors_info=&#8220;{}&#8220;][et_pb_image src=&#8220;https:\/\/www.dolomitivillage.it\/wp-content\/uploads\/2024\/02\/be-safe-rate-plus-horizontal-positive-1.png&#8220; alt=&#8220;Be Safe Rate Plus&#8220; title_text=&#8220;Be Safe Rate Plus Horizontal Positive&#8220; _builder_version=&#8220;4.23.4&#8243; _module_preset=&#8220;default&#8220; global_colors_info=&#8220;{}&#8220;][\/et_pb_image][et_pb_text _builder_version=&#8220;4.23.4&#8243; _module_preset=&#8220;default&#8220; text_line_height=&#8220;1.6em&#8220; link_text_color=&#8220;#ec6608&#8243; global_colors_info=&#8220;{}&#8220;]<\/p>\n<h3>W\u00e4hlen Sie die BeSafe-Tarife und wir schenken Ihnen die Versicherung!<\/h3>\n<p>Wenn Sie sich f\u00fcr die BeSafe-Tarife entscheiden, k\u00f6nnen Sie dank der im Preis Ihres Aufenthalts enthaltenen Stornierungs- und Krankenversicherung ohne Sorgen buchen. Sie und Ihre Lieben sind von der Buchung bis zum Check-out vor unerwarteten Ereignissen* gesch\u00fctzt.<\/p>\n<p><a href=\"https:\/\/www.dolomitivillage.it\/de\/besafe-rate-plus\/\"><strong><em>Schauen Sie sich alle enthaltenen Bez\u00fcge an \u2192<\/em><\/strong><\/a><\/p>\n<p>[\/et_pb_text][\/et_pb_column][\/et_pb_row][\/et_pb_section]<\/p>\n","protected":false},"excerpt":{"rendered":"<p>Buchen Sie Ihren Aufenthalt\n\t\t<!-- https:\/\/kb.wubook.net\/help\/en-gb\/173-zak-booking-engine\/406-zak-booking-engine-widget-and-sharing -->\n\n\t\t<!-- <script src=\"https:\/\/wubook.net\/js\/nebi\/iframe.jgz\"><\/script> -->\n\t\t<!-- <div id=\"booking-form-test\"><\/div>\n\t\t<script>\n\t\t\tvar url= 'https:\/\/wubook.net\/neb\/bk?ep=f2daf05b';\n\t\t\tvar target= '#booking-form-test';\n\t\t\tvar Neb= new ZakNebIframe(target, url);\n\t\t\tNeb.render();\n\t\t<\/script> -->\n\n\t\t<!-- <script class=\"kas_online_reception\" src=\"https:\/\/wubook.net\/js\/nebk\/bwidget.jgz\" data-wid=\"f088d41f-b82a-4f40-8de1-16703f43f943\"><\/script> -->\n\n\t\t<!-- https:\/\/wubook.net\/neb\/bk?ep=f2daf05b&lang=en&c=EUR&f=17%2F03%2F2023&t=19%2F03%2F2023&jr=%5B%7B%22occupancy%22%3A%7B%22adults%22%3A1%2C%22children%22%3A0%2C%22teens%22%3A%5B16%2C8%5D%2C%22babies%22%3A0%7D%7D%5D -->\n\n\t\t<!-- <script class=\"kas_online_reception\" src=\"https:\/\/wubook.net\/js\/nebk\/bwidget.jgz\" data-wid=\"f088d41f-b82a-4f40-8de1-16703f43f943\"><\/script> -->\n\n\t\t<form id=\"booking-form\" class=\"booking-horizontal\" action=\"https:\/\/wubook.net\/nneb\/bk\" method=\"get\" target=\"_blank\">\n\n\t\t\t<input type=\"hidden\" name=\"ep\" value=\"f2daf05b\">\n\t\t\t<input type=\"hidden\" name=\"w_id\" value=\"1519\">\n\t\t\t<input type=\"hidden\" name=\"lang\" value=\"it\">\n\t\t\t<input type=\"hidden\" name=\"c\" value=\"EUR\">\n\t\t\t<input type=\"hidden\" name=\"f\" value=\"02\/05\/2026\">\n\t\t\t<input type=\"hidden\" name=\"t\" value=\"03\/05\/2026\">\n\n\t\t\t<div class=\"wh-group wh-checkin-wrapper\">\n\t\t\t\t<label for=\"checkin-picker\">Arrival Date:<\/label>\n\t\t\t\t<input type=\"text\" id=\"checkin-picker\" class=\"hasDatepicker form-control\">\n\t\t\t<\/div>\n\n\t\t\t\n\t\t\t\t<div class=\"wh-group wh-checkout-wrapper\">\n\t\t\t\t\t<label for=\"checkout-picker\">Departure Date:<\/label>\n\t\t\t\t\t<input type=\"text\" id=\"checkout-picker\" class=\"hasDatepicker form-control\">\n\t\t\t\t<\/div>\n\n\t\t\t\n\t\t\t\n\t\t\t\n\t\t\t\n\t\t\t\n\t\t\t<div class=\"wh-group\">\n\t\t\t\t<button type=\"submit\" class=\"btn btn-primary\">Check Availability<\/button>\n\t\t\t<\/div>\n\n\t\t<\/form>\n\nUm die Verf\u00fcgbarkeit w\u00e4hrend der Hochsaison (vom 2.02. bis 24.02., vom 19.07. bis 7.09., vom 20.12. bis 7.01.) zu pr\u00fcfen, kontaktieren Sie uns direkt.Stornierungsrichtlinie Wenn Sie eine Reservierung weniger als 14 Tage im Voraus stornieren (Mittelsaison- oder Nebensaison-Referenzzeitraum), wird eine Stornogeb\u00fchr in H\u00f6he von 50% der Reservierungskosten erhoben. Wenn Sie eine Reservierung [&hellip;]<\/p>\n","protected":false},"author":1,"featured_media":0,"parent":0,"menu_order":0,"comment_status":"closed","ping_status":"closed","template":"","meta":{"_et_pb_use_builder":"on","_et_pb_old_content":"","_et_gb_content_width":"","footnotes":""},"dipi_cpt_category":[],"class_list":["post-3785","page","type-page","status-publish","hentry"],"_links":{"self":[{"href":"https:\/\/www.dolomitivillage.it\/de\/wp-json\/wp\/v2\/pages\/3785","targetHints":{"allow":["GET"]}}],"collection":[{"href":"https:\/\/www.dolomitivillage.it\/de\/wp-json\/wp\/v2\/pages"}],"about":[{"href":"https:\/\/www.dolomitivillage.it\/de\/wp-json\/wp\/v2\/types\/page"}],"author":[{"embeddable":true,"href":"https:\/\/www.dolomitivillage.it\/de\/wp-json\/wp\/v2\/users\/1"}],"replies":[{"embeddable":true,"href":"https:\/\/www.dolomitivillage.it\/de\/wp-json\/wp\/v2\/comments?post=3785"}],"version-history":[{"count":26,"href":"https:\/\/www.dolomitivillage.it\/de\/wp-json\/wp\/v2\/pages\/3785\/revisions"}],"predecessor-version":[{"id":25281793,"href":"https:\/\/www.dolomitivillage.it\/de\/wp-json\/wp\/v2\/pages\/3785\/revisions\/25281793"}],"wp:attachment":[{"href":"https:\/\/www.dolomitivillage.it\/de\/wp-json\/wp\/v2\/media?parent=3785"}],"wp:term":[{"taxonomy":"dipi_cpt_category","embeddable":true,"href":"https:\/\/www.dolomitivillage.it\/de\/wp-json\/wp\/v2\/dipi_cpt_category?post=3785"}],"curies":[{"name":"wp","href":"https:\/\/api.w.org\/{rel}","templated":true}]}}