{"id":3295,"date":"2022-09-26T08:03:36","date_gmt":"2022-09-26T06:03:36","guid":{"rendered":"https:\/\/www.dolomitivillage.it\/restaurant\/"},"modified":"2026-01-02T18:31:17","modified_gmt":"2026-01-02T17:31:17","slug":"restaurant","status":"publish","type":"page","link":"https:\/\/www.dolomitivillage.it\/de\/restaurant\/","title":{"rendered":"Restaurant"},"content":{"rendered":"<p>[et_pb_section fb_built=&#8220;1&#8243; admin_label=&#8220;Secondary header&#8220; _builder_version=&#8220;4.19.2&#8243; _module_preset=&#8220;default&#8220; background_image=&#8220;https:\/\/www.dolomitivillage.it\/wp-content\/uploads\/2022\/10\/dolomiti-village-restaurant.jpg&#8220; background_position=&#8220;bottom_center&#8220; height=&#8220;70vh&#8220; global_colors_info=&#8220;{}&#8220;][\/et_pb_section][et_pb_section fb_built=&#8220;1&#8243; admin_label=&#8220;Our Story&#8220; _builder_version=&#8220;4.17.6&#8243; background_color=&#8220;#f9f9f9&#8243; background_position=&#8220;top_left&#8220; custom_padding=&#8220;0px|0px|0px|0px||&#8220; collapsed=&#8220;off&#8220; global_colors_info=&#8220;{}&#8220;][et_pb_row column_structure=&#8220;1_2,1_2&#8243; use_custom_gutter=&#8220;on&#8220; gutter_width=&#8220;4&#8243; make_equal=&#8220;on&#8220; custom_padding_last_edited=&#8220;on|phone&#8220; _builder_version=&#8220;4.19.2&#8243; background_size=&#8220;initial&#8220; background_position=&#8220;top_left&#8220; background_repeat=&#8220;repeat&#8220; width_tablet=&#8220;&#8220; width_phone=&#8220;90%&#8220; width_last_edited=&#8220;on|phone&#8220; max_width=&#8220;1103px&#8220; custom_margin=&#8220;|||&#8220; custom_padding=&#8220;|||&#8220; custom_padding_tablet=&#8220;|||&#8220; custom_padding_phone=&#8220;0px||||false|false&#8220; global_colors_info=&#8220;{}&#8220; custom_css_main_element_last_edited=&#8220;on|phone&#8220; custom_css_main_element_phone=&#8220;display:flex;||flex-direction:column-reverse;&#8220; custom_css_main_element_tablet=&#8220;Display:flex;||Flex-direction:column-reverse;    &#8222;][et_pb_column type=&#8220;1_2&#8243; _builder_version=&#8220;4.16&#8243; background_position=&#8220;top_left&#8220; custom_padding=&#8220;|||&#8220; global_colors_info=&#8220;{}&#8220; custom_padding__hover=&#8220;|||&#8220;][et_pb_image src=&#8220;https:\/\/www.dolomitivillage.it\/wp-content\/uploads\/2022\/12\/Ristorante_Nomplan_tavolo.jpg&#8220; title_text=&#8220;Ristorante_Nomplan_table&#8220; force_fullwidth=&#8220;on&#8220; _builder_version=&#8220;4.19.2&#8243; animation_style=&#8220;slide&#8220; animation_direction=&#8220;right&#8220; animation_intensity_slide=&#8220;10%&#8220; always_center_on_mobile=&#8220;off&#8220; global_colors_info=&#8220;{}&#8220;][\/et_pb_image][et_pb_image src=&#8220;https:\/\/www.dolomitivillage.it\/wp-content\/uploads\/2022\/12\/Ristorante_Nomplan_bar.jpg&#8220; title_text=&#8220;Ristorante_Nomplan_bar&#8220; force_fullwidth=&#8220;on&#8220; _builder_version=&#8220;4.19.2&#8243; animation_style=&#8220;slide&#8220; animation_direction=&#8220;right&#8220; animation_intensity_slide=&#8220;10%&#8220; always_center_on_mobile=&#8220;off&#8220; global_colors_info=&#8220;{}&#8220;][\/et_pb_image][\/et_pb_column][et_pb_column type=&#8220;1_2&#8243; _builder_version=&#8220;4.16&#8243; background_position=&#8220;top_left&#8220; custom_padding=&#8220;60px|||&#8220; custom_css_main_element=&#8220;display:flex;||flex-direction: column;||justify-content: center;&#8220; global_colors_info=&#8220;{}&#8220; custom_padding__hover=&#8220;|||&#8220;][et_pb_image src=&#8220;https:\/\/www.dolomitivillage.it\/wp-content\/uploads\/2022\/09\/borgo-nomplan-logo-testa-1.png&#8220; title_text=&#8220;Borgo Nomplan Logo&#8220; _builder_version=&#8220;4.17.6&#8243; _module_preset=&#8220;default&#8220; width=&#8220;29%&#8220; custom_margin=&#8220;||4px|||&#8220; filter_invert=&#8220;100%&#8220; global_colors_info=&#8220;{}&#8220;][\/et_pb_image][et_pb_text disabled_on=&#8220;off|off|off&#8220; _builder_version=&#8220;4.19.2&#8243; header_text_align=&#8220;left&#8220; header_font_size=&#8220;65px&#8220; header_2_font=&#8220;|700|||||||&#8220; header_2_text_align=&#8220;left&#8220; header_2_font_size=&#8220;56px&#8220; text_orientation=&#8220;center&#8220; custom_margin=&#8220;||22px|||&#8220; header_text_align_tablet=&#8220;left&#8220; header_text_align_phone=&#8220;left&#8220; header_text_align_last_edited=&#8220;on|phone&#8220; header_font_size_tablet=&#8220;65px&#8220; header_font_size_phone=&#8220;50px&#8220; header_font_size_last_edited=&#8220;on|phone&#8220; global_colors_info=&#8220;{}&#8220; header_font_size__hover=&#8220;30px&#8220; header_font_size__hover_enabled=&#8220;30px&#8220; header_letter_spacing__hover=&#8220;0px&#8220; header_letter_spacing__hover_enabled=&#8220;0px&#8220; header_text_shadow_style__hover=&#8220;none&#8220; header_text_shadow_style__hover_enabled=&#8220;none&#8220; header_text_shadow_color__hover=&#8220;rgba(0,0,0,0.4)&#8220; header_text_shadow_color__hover_enabled=&#8220;rgba(0,0,0,0.4)&#8220;]<\/p>\n<h1>EIN GESCHMACKSERLEBNIS EINGETROFFEN IN DIE NATUR VON CARNIA<\/h1>\n<p>[\/et_pb_text][et_pb_divider color=&#8220;#C6B2A5&#8243; divider_position=&#8220;bottom&#8220; divider_weight=&#8220;2px&#8220; divider_weight_tablet=&#8220;2px&#8220; divider_weight_phone=&#8220;2px&#8220; divider_weight_last_edited=&#8220;on|desktop&#8220; _builder_version=&#8220;4.17.6&#8243; _module_preset=&#8220;default&#8220; width=&#8220;35%&#8220; width_tablet=&#8220;&#8220; width_phone=&#8220;35%&#8220; width_last_edited=&#8220;on|phone&#8220; module_alignment=&#8220;left&#8220; height=&#8220;3px&#8220; custom_margin=&#8220;0px||30px||false|false&#8220; custom_padding=&#8220;0px||0px||false|false&#8220; locked=&#8220;off&#8220; global_colors_info=&#8220;{}&#8220; custom_css_main_element_last_edited=&#8220;on|phone&#8220;][\/et_pb_divider][et_pb_text _builder_version=&#8220;4.19.2&#8243; header_font=&#8220;||||&#8220; background_size=&#8220;initial&#8220; background_position=&#8220;top_left&#8220; background_repeat=&#8220;repeat&#8220; max_width=&#8220;700px&#8220; custom_margin_tablet=&#8220;||40px||false|false&#8220; custom_margin_phone=&#8220;||50px||false|false&#8220; custom_margin_last_edited=&#8220;on|phone&#8220; animation_style=&#8220;slide&#8220; animation_direction=&#8220;top&#8220; animation_intensity_slide=&#8220;4%&#8220; global_colors_info=&#8220;{}&#8220;]<\/p>\n<p>Das Restaurant Borgo Nomplan befindet sich im Dolomiti Village, einem brandneuen Dorf aus Holzchalets, das in den W\u00e4ldern in der N\u00e4he von Ravascletto \u2013 Zoncolan in Karnien erbaut wurde. Von den Restaurantr\u00e4umen und jedem der Chalets aus genie\u00dfen Sie einen einzigartigen Blick auf die Berge \u2013 f\u00fcr einen erholsamen Urlaub im Einklang mit der Natur.<\/p>\n<p>Hier, eingebettet in eine m\u00e4rchenhafte Landschaft und eine einladende, famili\u00e4re Atmosph\u00e4re, k\u00f6nnen Sie die Aromen und typischen Gerichte der Region genie\u00dfen, die von unserem K\u00fcchenchef kreativ neu interpretiert werden.<\/p>\n<p>[\/et_pb_text][\/et_pb_column][\/et_pb_row][\/et_pb_section][et_pb_section fb_built=&#8220;1&#8243; admin_label=&#8220;Features&#8220; _builder_version=&#8220;4.17.6&#8243; background_color=&#8220;#0C4754&#8243; background_size=&#8220;initial&#8220; background_position=&#8220;top_left&#8220; custom_padding=&#8220;0px|0px|0px|0px||&#8220; saved_tabs=&#8220;all&#8220; collapsed=&#8220;off&#8220; global_colors_info=&#8220;{}&#8220;][et_pb_row _builder_version=&#8220;4.17.6&#8243; _module_preset=&#8220;default&#8220; width_tablet=&#8220;&#8220; width_phone=&#8220;90%&#8220; width_last_edited=&#8220;on|phone&#8220; max_width=&#8220;890px&#8220; custom_padding=&#8220;||||false|false&#8220; locked=&#8220;off&#8220; global_colors_info=&#8220;{}&#8220;][et_pb_column type=&#8220;4_4&#8243; _builder_version=&#8220;4.17.6&#8243; _module_preset=&#8220;default&#8220; global_colors_info=&#8220;{}&#8220;][et_pb_image src=&#8220;https:\/\/www.dolomitivillage.it\/wp-content\/uploads\/2022\/09\/dolomiti-mappa-pin.png&#8220; title_text=&#8220;Dolomiten Karten-Pin&#8220; disabled_on=&#8220;on|on|off&#8220; _builder_version=&#8220;4.17.6&#8243; _module_preset=&#8220;default&#8220; positioning=&#8220;absolute&#8220; vertical_offset=&#8220;-37px&#8220; horizontal_offset=&#8220;-512px&#8220; width=&#8220;100%&#8220; global_colors_info=&#8220;{}&#8220;][\/et_pb_image][et_pb_image src=&#8220;https:\/\/www.dolomitivillage.it\/wp-content\/uploads\/2022\/09\/borgo-nomplan-logo-testa-1.png&#8220; title_text=&#8220;Borgo Nomplan Logo&#8220; align=&#8220;center&#8220; _builder_version=&#8220;4.17.6&#8243; _module_preset=&#8220;default&#8220; width=&#8220;18%&#8220; custom_margin=&#8220;||4px|||&#8220; global_colors_info=&#8220;{}&#8220;][\/et_pb_image][et_pb_text _builder_version=&#8220;4.19.2&#8243; _module_preset=&#8220;default&#8220; text_text_color=&#8220;#FFFFFF&#8220; header_text_align=&#8220;left&#8220; header_2_font=&#8220;||||||||&#8220; header_2_text_align=&#8220;center&#8220; header_2_text_color=&#8220;#FFFFFF&#8220; header_2_font_size=&#8220;60px&#8220; text_orientation=&#8220;center&#8220; header_2_font_size_tablet=&#8220;60px&#8220; header_2_font_size_phone=&#8220;50px&#8220; header_2_font_size_last_edited=&#8220;on|phone&#8220; locked=&#8220;off&#8220; global_colors_info=&#8220;{}&#8220;]<\/p>\n<h2>Was wir Ihnen bieten<\/h2>\n<p>[\/et_pb_text][\/et_pb_column][\/et_pb_row][et_pb_row column_structure=&#8220;1_3,1_3,1_3&#8243; column_padding_mobile=&#8220;on&#8220; custom_padding_last_edited=&#8220;on|phone&#8220; _builder_version=&#8220;4.17.6&#8243; background_size=&#8220;initial&#8220; background_position=&#8220;top_left&#8220; background_repeat=&#8220;repeat&#8220; width_tablet=&#8220;&#8220; width_phone=&#8220;90%&#8220; width_last_edited=&#8220;on|phone&#8220; max_width=&#8220;1280px&#8220; custom_margin=&#8220;||60px||false|false&#8220; custom_padding=&#8220;27px|0px|27px|0px&#8220; custom_padding_tablet=&#8220;49px|||&#8220; custom_padding_phone=&#8220;19px|||&#8220; use_custom_width=&#8220;on&#8220; custom_width_px=&#8220;1280px&#8220; global_colors_info=&#8220;{}&#8220;][et_pb_column type=&#8220;1_3&#8243; _builder_version=&#8220;4.16&#8243; custom_padding=&#8220;|||&#8220; global_colors_info=&#8220;{}&#8220; custom_padding__hover=&#8220;|||&#8220;][et_pb_blurb title=&#8220;HERVORRAGENDE FLEISCHST\u00dcCKE, DIE AUF DER GLUT GEGART WERDEN&#8220; image=&#8220;https:\/\/www.dolomitivillage.it\/wp-content\/uploads\/2022\/12\/brace-1.jpg&#8220; _builder_version=&#8220;4.17.6&#8243; header_font=&#8220;||||||||&#8220; header_text_color=&#8220;#FFFFFF&#8220; header_font_size=&#8220;35px&#8220; body_text_color=&#8220;#FFFFFF&#8220; background_size=&#8220;initial&#8220; background_position=&#8220;top_left&#8220; background_repeat=&#8220;repeat&#8220; text_orientation=&#8220;center&#8220; icon_font_size=&#8220;64px&#8220; global_colors_info=&#8220;{}&#8220;]<\/p>\n<p>Eine unserer St\u00e4rken sind Grillgerichte. Genie\u00dfen Sie unser exzellentes Florentiner Rib-Eye-Steak, unser Aush\u00e4ngeschild, sowie Rippchen, Lammkoteletts und weitere Fleischst\u00fccke (je nach Verf\u00fcgbarkeit). T\u00e4glich w\u00e4hlen wir die zartesten, geschmackvollsten und hochwertigsten Fleischst\u00fccke aus, um Ihnen den authentischen Geschmack unserer Grillgerichte aus dem gro\u00dfen Speisesaal direkt auf den Tisch zu bringen.<\/p>\n<p>[\/et_pb_blurb][\/et_pb_column][et_pb_column type=&#8220;1_3&#8243; _builder_version=&#8220;4.16&#8243; custom_padding=&#8220;|||&#8220; global_colors_info=&#8220;{}&#8220; custom_padding__hover=&#8220;|||&#8220;][et_pb_blurb title=&#8220;EINE WARME UND EINLADENDE ATMOSPH\u00c4RE IN DEN BERGEN&#8220; image=&#8220;https:\/\/www.dolomitivillage.it\/wp-content\/uploads\/2022\/12\/risto-1.jpg&#8220; _builder_version=&#8220;4.17.6&#8243; header_font=&#8220;||||||||&#8220; header_text_color=&#8220;#FFFFFF&#8220; header_font_size=&#8220;35px&#8220; body_text_color=&#8220;#FFFFFF&#8220; background_size=&#8220;initial&#8220; background_position=&#8220;top_left&#8220; background_repeat=&#8220;repeat&#8220; text_orientation=&#8220;center&#8220; icon_font_size=&#8220;64px&#8220; locked=&#8220;off&#8220; global_colors_info=&#8220;{}&#8220;]<\/p>\n<p>Die f\u00fcr die Bergregion typischen Holzvert\u00e4felungen und M\u00f6bel, der offene Kamin, die warmen, nat\u00fcrlichen Farben und die Liebe zum Detail werden Ihnen ein Gef\u00fchl von Zuhause vermitteln. Ein elegantes und zugleich rustikales Ambiente f\u00fcr ein authentisches Erlebnis im karnischen Stil.<\/p>\n<p>&nbsp;<\/p>\n<p>[\/et_pb_blurb][\/et_pb_column][et_pb_column type=&#8220;1_3&#8243; _builder_version=&#8220;4.16&#8243; custom_padding=&#8220;|||&#8220; global_colors_info=&#8220;{}&#8220; custom_padding__hover=&#8220;|||&#8220;][et_pb_blurb title=&#8220;DER PERFEKTE ORT F\u00dcR IHRE BESONDEREN ANL\u00c4SSE&#8220; image=&#8220;https:\/\/www.dolomitivillage.it\/wp-content\/uploads\/2022\/12\/speciale-gruppi-1.jpg&#8220; _builder_version=&#8220;4.17.6&#8243; header_font=&#8220;||||||||&#8220; header_text_color=&#8220;#FFFFFF&#8220; header_font_size=&#8220;35px&#8220; body_text_color=&#8220;#FFFFFF&#8220; background_size=&#8220;initial&#8220; background_position=&#8220;top_left&#8220; background_repeat=&#8220;repeat&#8220; text_orientation=&#8220;center&#8220; icon_font_size=&#8220;64px&#8220; locked=&#8220;off&#8220; global_colors_info=&#8220;{}&#8220;]<\/p>\n<p>Unser Restaurant bietet Platz f\u00fcr Abendessen und Mittagessen f\u00fcr gr\u00f6\u00dfere Gruppen. Der Hauptsaal, die Au\u00dfenterrasse mit Blick auf die Berge und der etwas privatere Raum im ersten Stock bieten den perfekten Rahmen f\u00fcr Veranstaltungen, Firmenessen, Abschlussfeiern, Hochzeiten und Zeremonien im Allgemeinen. Sogar bei personalisierten Men\u00fcs.<\/p>\n<p>[\/et_pb_blurb][\/et_pb_column][\/et_pb_row][\/et_pb_section][et_pb_section fb_built=&#8220;1&#8243; custom_padding_last_edited=&#8220;on|phone&#8220; _builder_version=&#8220;4.17.6&#8243; _module_preset=&#8220;default&#8220; background_enable_color=&#8220;off&#8220; custom_padding=&#8220;7px||0px|||&#8220; custom_padding_tablet=&#8220;&#8220; custom_padding_phone=&#8220;0px||0px||false|false&#8220; global_colors_info=&#8220;{}&#8220;][et_pb_row make_equal=&#8220;on&#8220; custom_padding_last_edited=&#8220;on|phone&#8220; _builder_version=&#8220;4.19.2&#8243; _module_preset=&#8220;default&#8220; width_tablet=&#8220;&#8220; width_phone=&#8220;90%&#8220; width_last_edited=&#8220;on|phone&#8220; max_width=&#8220;1125px&#8220; custom_padding=&#8220;|20px||20px|false|false&#8220; custom_padding_tablet=&#8220;|20px||20px|false|false&#8220; custom_padding_phone=&#8220;|10px||9px|false|false&#8220; locked=&#8220;off&#8220; global_colors_info=&#8220;{}&#8220; custom_css_main_element_last_edited=&#8220;on|phone&#8220; custom_css_main_element_phone=&#8220;display: flex;||flex-direction:column;&#8220;][et_pb_column type=&#8220;4_4&#8243; _builder_version=&#8220;4.16&#8243; _module_preset=&#8220;default&#8220; custom_css_main_element=&#8220;order: 2;&#8220; global_colors_info=&#8220;{}&#8220;][et_pb_image src=&#8220;https:\/\/www.dolomitivillage.it\/wp-content\/uploads\/2022\/09\/borgo-nomplan-logo-testa-1.png&#8220; title_text=&#8220;Borgo Nomplan Logo&#8220; align=&#8220;center&#8220; _builder_version=&#8220;4.17.6&#8243; _module_preset=&#8220;default&#8220; width=&#8220;14%&#8220; custom_margin=&#8220;||4px|||&#8220; filter_invert=&#8220;100%&#8220; global_colors_info=&#8220;{}&#8220;][\/et_pb_image][et_pb_text _builder_version=&#8220;4.19.2&#8243; _module_preset=&#8220;default&#8220; header_text_align=&#8220;left&#8220; header_2_font=&#8220;||||||||&#8220; header_2_text_align=&#8220;center&#8220; header_2_font_size=&#8220;60px&#8220; text_orientation=&#8220;center&#8220; custom_margin_tablet=&#8220;&#8220; custom_margin_phone=&#8220;||40px||false|false&#8220; custom_margin_last_edited=&#8220;on|phone&#8220; custom_padding_last_edited=&#8220;off|phone&#8220; header_2_font_size_tablet=&#8220;60px&#8220; header_2_font_size_phone=&#8220;50px&#8220; header_2_font_size_last_edited=&#8220;on|phone&#8220; locked=&#8220;off&#8220; global_colors_info=&#8220;{}&#8220;]<\/p>\n<h2>Unsere K\u00fcche<\/h2>\n<p>Wir lieben saisonale Zutaten wie Gartengem\u00fcse, Bergkr\u00e4uter, Pilze und Wildpflanzen, die wir selbst sammeln. Deshalb wird unsere Speisekarte st\u00e4ndig weiterentwickelt. Wir bieten traditionelle karnische Gerichte wie Frico e Polenta und To\u00e7 in Braide sowie hervorragende regionale Produkte an: Bergk\u00e4se, Wurstwaren, Pickles und ger\u00e4ucherte Forelle.<\/p>\n<p>Neben traditionellen Gerichten erkunden wir gerne verschiedene Geschmacksrichtungen und neue Rezepte, wagen uns manchmal an ungew\u00f6hnliche Kombinationen, wobei wir stets die Saisonalit\u00e4t ber\u00fccksichtigen und hochwertige Rohstoffe verwenden. F\u00fcr ein Men\u00fc, das selbst die anspruchsvollsten Gaumen zufriedenstellen wird, begleitet von lokalen Weinen. Und als Kr\u00f6nung des Ganzen sind alle Kuchen und Desserts ausschlie\u00dflich hausgemacht.<\/p>\n<p>[\/et_pb_text][\/et_pb_column][\/et_pb_row][et_pb_row custom_padding_last_edited=&#8220;on|phone&#8220; _builder_version=&#8220;4.17.6&#8243; _module_preset=&#8220;default&#8220; width_tablet=&#8220;&#8220; width_phone=&#8220;90%&#8220; width_last_edited=&#8220;on|phone&#8220; custom_padding=&#8220;|20px||20px|false|false&#8220; custom_padding_tablet=&#8220;|20px||20px|false|false&#8220; custom_padding_phone=&#8220;|10px||10px|false|true&#8220; global_colors_info=&#8220;{}&#8220;][et_pb_column type=&#8220;4_4&#8243; _builder_version=&#8220;4.17.6&#8243; _module_preset=&#8220;default&#8220; global_colors_info=&#8220;{}&#8220;][et_pb_text _builder_version=&#8220;4.27.4&#8243; _module_preset=&#8220;default&#8220; text_text_color=&#8220;#0C4754&#8243; text_font_size=&#8220;14px&#8220; background_color=&#8220;RGBA(255,255,255,0)&#8220; custom_margin=&#8220;|auto||auto|false|false&#8220; custom_padding=&#8220;||||false|false&#8220; link_option_url=&#8220;https:\/\/www.borgonomplan.it&#8220; link_option_url_new_window=&#8220;on&#8220; hover_enabled=&#8220;0&#8243; text_font_size_tablet=&#8220;14px&#8220; text_font_size_phone=&#8220;12px&#8220; text_font_size_last_edited=&#8220;on|phone&#8220; custom_css_main_element=&#8220;display:inline-block;||display:flex;||justify-content:center;&#8220; locked=&#8220;off&#8220; global_colors_info=&#8220;{}&#8220; sticky_enabled=&#8220;0&#8243;]<\/p>\n<div class=\"btn from-center\">Besuchen Sie die entsprechende Website.<\/div>\n<p>[\/et_pb_text][et_pb_text _builder_version=&#8220;4.27.4&#8243; _module_preset=&#8220;default&#8220; text_text_color=&#8220;#0C4754&#8243; text_font_size=&#8220;14px&#8220; background_color=&#8220;RGBA(255,255,255,0)&#8220; custom_margin=&#8220;|auto||auto|false|false&#8220; custom_padding=&#8220;||||false|false&#8220; link_option_url=&#8220;https:\/\/www.borgonomplan.it\/#menu&#8220; link_option_url_new_window=&#8220;on&#8220; hover_enabled=&#8220;0&#8243; text_font_size_tablet=&#8220;14px&#8220; text_font_size_phone=&#8220;12px&#8220; text_font_size_last_edited=&#8220;on|phone&#8220; custom_css_main_element=&#8220;display:inline-block;||display:flex;||justify-content:center;&#8220; locked=&#8220;off&#8220; global_colors_info=&#8220;{}&#8220; sticky_enabled=&#8220;0&#8243;]<\/p>\n<div class=\"btn from-center\">Siehe die Speisekarte<\/div>\n<p>[\/et_pb_text][\/et_pb_column][\/et_pb_row][et_pb_row custom_padding_last_edited=&#8220;on|phone&#8220; _builder_version=&#8220;4.17.6&#8243; _module_preset=&#8220;default&#8220; width_tablet=&#8220;&#8220; width_phone=&#8220;90%&#8220; width_last_edited=&#8220;on|phone&#8220; max_width=&#8220;2560px&#8220; custom_padding=&#8220;|20px||20px|false|false&#8220; custom_padding_tablet=&#8220;|20px||20px|false|false&#8220; custom_padding_phone=&#8220;|10px||10px|false|true&#8220; global_colors_info=&#8220;{}&#8220;][et_pb_column type=&#8220;4_4&#8243; _builder_version=&#8220;4.16&#8243; _module_preset=&#8220;default&#8220; global_colors_info=&#8220;{}&#8220;][dipi_carousel space_between=&#8220;40&#8243; navigation=&#8220;on&#8220; columns_tablet=&#8220;2&#8243; columns_phone=&#8220;1&#8243; columns_last_edited=&#8220;on|phone&#8220; container_padding_tablet=&#8220;&#8220; container_padding_phone=&#8220;0px|0px|0px|0px|true|true&#8220; container_padding_last_edited=&#8220;on|phone&#8220; _builder_version=&#8220;4.19.2&#8243; _module_preset=&#8220;default&#8220; width=&#8220;100%&#8220; custom_css_title=&#8220;display:none;&#8220; global_colors_info=&#8220;{}&#8220;][dipi_carousel_child img_src=&#8220;https:\/\/www.dolomitivillage.it\/wp-content\/uploads\/2022\/09\/dolomiti-village-gallery-4.jpg&#8220; title_text=&#8220;Dolomiti Village Gallery 4&#8243; _builder_version=&#8220;4.17.6&#8243; _module_preset=&#8220;default&#8220; global_colors_info=&#8220;{}&#8220;][\/dipi_carousel_child][dipi_carousel_child img_src=&#8220;https:\/\/www.dolomitivillage.it\/wp-content\/uploads\/2022\/09\/dolomiti-village-gallery-1-1.jpg&#8220; title_text=&#8220;Dolomiti Village Gallery 1&#8243; img_width=&#8220;100%&#8220; _builder_version=&#8220;4.17.6&#8243; _module_preset=&#8220;default&#8220; global_colors_info=&#8220;{}&#8220;][\/dipi_carousel_child][dipi_carousel_child img_src=&#8220;https:\/\/www.dolomitivillage.it\/wp-content\/uploads\/2022\/09\/dolomiti-village-gallery-3.jpg&#8220; title_text=&#8220;Dolomiti Village Gallery 3&#8243; img_width=&#8220;100%&#8220; _builder_version=&#8220;4.17.6&#8243; _module_preset=&#8220;default&#8220; global_colors_info=&#8220;{}&#8220;][\/dipi_carousel_child][dipi_carousel_child img_src=&#8220;https:\/\/www.dolomitivillage.it\/wp-content\/uploads\/2022\/09\/dolomiti-village-gallery-1.jpg&#8220; title_text=&#8220;Dolomiti Village Gallery (1)&#8220; _builder_version=&#8220;4.17.6&#8243; _module_preset=&#8220;default&#8220; global_colors_info=&#8220;{}&#8220;][\/dipi_carousel_child][dipi_carousel_child img_src=&#8220;https:\/\/www.dolomitivillage.it\/wp-content\/uploads\/2022\/09\/dolomiti-village-gallery-2.jpg&#8220; title_text=&#8220;Dolomiti Village Gallery 2&#8243; _builder_version=&#8220;4.17.6&#8243; _module_preset=&#8220;default&#8220; global_colors_info=&#8220;{}&#8220;][\/dipi_carousel_child][\/dipi_carousel][\/et_pb_column][\/et_pb_row][\/et_pb_section][et_pb_section fb_built=&#8220;1&#8243; _builder_version=&#8220;4.17.6&#8243; background_enable_color=&#8220;off&#8220; custom_padding=&#8220;0px|0px|19px|0px|false|false&#8220; global_colors_info=&#8220;{}&#8220;][et_pb_row use_custom_gutter=&#8220;on&#8220; module_class=&#8220; et_pb_row_fullwidth&#8220; _builder_version=&#8220;4.17.6&#8243; width_tablet=&#8220;&#8220; width_phone=&#8220;90%&#8220; width_last_edited=&#8220;on|phone&#8220; max_width=&#8220;80%&#8220; max_width_tablet=&#8220;100%&#8220; max_width_phone=&#8220;100%&#8220; max_width_last_edited=&#8220;on|desktop&#8220; module_alignment=&#8220;center&#8220; custom_margin=&#8220;||||false|false&#8220; custom_padding=&#8220;4px|0px||0px|false|false&#8220; make_fullwidth=&#8220;on&#8220; global_colors_info=&#8220;{}&#8220;][et_pb_column type=&#8220;4_4&#8243; _builder_version=&#8220;4.16&#8243; custom_padding=&#8220;|||&#8220; global_colors_info=&#8220;{}&#8220; custom_padding__hover=&#8220;|||&#8220;][et_pb_image src=&#8220;https:\/\/www.dolomitivillage.it\/wp-content\/uploads\/2022\/12\/ristorante-borgo-namplan.jpg&#8220; title_text=&#8220;Restaurant Borgo Nomplan&#8220; align=&#8220;center&#8220; _builder_version=&#8220;4.19.2&#8243; _module_preset=&#8220;default&#8220; width_tablet=&#8220;&#8220; width_phone=&#8220;100%&#8220; width_last_edited=&#8220;on|phone&#8220; global_colors_info=&#8220;{}&#8220;][\/et_pb_image][\/et_pb_column][\/et_pb_row][\/et_pb_section]<\/p>\n","protected":false},"excerpt":{"rendered":"<p>EIN GESCHMACKSERLEBNIS EINGETROFFEN IN DIE NATUR VON CARNIADas Restaurant Borgo Nomplan befindet sich im Dolomiti Village, einem brandneuen Dorf aus Holzchalets, das in den W\u00e4ldern in der N\u00e4he von Ravascletto \u2013 Zoncolan in Karnien erbaut wurde. Von den Restaurantr\u00e4umen und jedem der Chalets aus genie\u00dfen Sie einen einzigartigen Blick auf die Berge \u2013 f\u00fcr einen [&hellip;]<\/p>\n","protected":false},"author":1,"featured_media":0,"parent":0,"menu_order":0,"comment_status":"closed","ping_status":"closed","template":"","meta":{"_et_pb_use_builder":"on","_et_pb_old_content":"","_et_gb_content_width":"","footnotes":""},"dipi_cpt_category":[],"class_list":["post-3295","page","type-page","status-publish","hentry"],"_links":{"self":[{"href":"https:\/\/www.dolomitivillage.it\/de\/wp-json\/wp\/v2\/pages\/3295","targetHints":{"allow":["GET"]}}],"collection":[{"href":"https:\/\/www.dolomitivillage.it\/de\/wp-json\/wp\/v2\/pages"}],"about":[{"href":"https:\/\/www.dolomitivillage.it\/de\/wp-json\/wp\/v2\/types\/page"}],"author":[{"embeddable":true,"href":"https:\/\/www.dolomitivillage.it\/de\/wp-json\/wp\/v2\/users\/1"}],"replies":[{"embeddable":true,"href":"https:\/\/www.dolomitivillage.it\/de\/wp-json\/wp\/v2\/comments?post=3295"}],"version-history":[{"count":9,"href":"https:\/\/www.dolomitivillage.it\/de\/wp-json\/wp\/v2\/pages\/3295\/revisions"}],"predecessor-version":[{"id":25281762,"href":"https:\/\/www.dolomitivillage.it\/de\/wp-json\/wp\/v2\/pages\/3295\/revisions\/25281762"}],"wp:attachment":[{"href":"https:\/\/www.dolomitivillage.it\/de\/wp-json\/wp\/v2\/media?parent=3295"}],"wp:term":[{"taxonomy":"dipi_cpt_category","embeddable":true,"href":"https:\/\/www.dolomitivillage.it\/de\/wp-json\/wp\/v2\/dipi_cpt_category?post=3295"}],"curies":[{"name":"wp","href":"https:\/\/api.w.org\/{rel}","templated":true}]}}