{"id":25281751,"date":"2025-12-01T12:37:51","date_gmt":"2025-12-01T11:37:51","guid":{"rendered":"https:\/\/www.dolomitivillage.it\/partner\/"},"modified":"2026-01-02T18:23:02","modified_gmt":"2026-01-02T17:23:02","slug":"partner","status":"publish","type":"page","link":"https:\/\/www.dolomitivillage.it\/de\/partner\/","title":{"rendered":"Partner"},"content":{"rendered":"<p>[et_pb_section fb_built=&#8220;1&#8243; _builder_version=&#8220;4.27.4&#8243; _module_preset=&#8220;default&#8220; background_color=&#8220;#f9f9f9&#8243; custom_padding=&#8220;20px||||false|false&#8220; global_colors_info=&#8220;{}&#8220;][et_pb_row _builder_version=&#8220;4.27.4&#8243; _module_preset=&#8220;default&#8220; width_tablet=&#8220;&#8220; width_phone=&#8220;90%&#8220; width_last_edited=&#8220;on|phone&#8220; custom_margin_tablet=&#8220;50px|auto||auto|false|false&#8220; custom_margin_phone=&#8220;0px|auto||auto|false|false&#8220; custom_margin_last_edited=&#8220;off|desktop&#8220; global_colors_info=&#8220;{}&#8220;][et_pb_column type=&#8220;4_4&#8243; _builder_version=&#8220;4.17.6&#8243; _module_preset=&#8220;default&#8220; global_colors_info=&#8220;{}&#8220;][et_pb_text _builder_version=&#8220;4.27.4&#8243; _module_preset=&#8220;default&#8220; text_line_height=&#8220;1.6em&#8220; global_colors_info=&#8220;{}&#8220;]<\/p>\n<h1>Partner<\/h1>\n<p>[\/et_pb_text][\/et_pb_column][\/et_pb_row][et_pb_row column_structure=&#8220;1_3,1_3,1_3&#8243; make_equal=&#8220;on&#8220; _builder_version=&#8220;4.27.4&#8243; _module_preset=&#8220;default&#8220; global_colors_info=&#8220;{}&#8220;][et_pb_column type=&#8220;1_3&#8243; _builder_version=&#8220;4.27.4&#8243; _module_preset=&#8220;default&#8220; global_colors_info=&#8220;{}&#8220;][et_pb_image src=&#8220;https:\/\/www.dolomitivillage.it\/wp-content\/uploads\/2025\/12\/visit-zoncolan.png&#8220; alt=&#8220;Visit Zoncolan&#8220; align=&#8220;center&#8220; _builder_version=&#8220;4.27.4&#8243; _module_preset=&#8220;default&#8220; background_color=&#8220;#0A0000&#8243; module_alignment=&#8220;center&#8220; max_height=&#8220;100px&#8220; global_colors_info=&#8220;{}&#8220;][\/et_pb_image][et_pb_text _builder_version=&#8220;4.27.4&#8243; _module_preset=&#8220;default&#8220; global_colors_info=&#8220;{}&#8220;]<\/p>\n<p>Ein Netzwerk aus Partnern und Dienstleistern, die Ihren Aufenthalt zu einem einzigartigen Erlebnis machen.<br \/>Bei uns f\u00fchlen Sie sich wie zu Hause \u2013 oder sogar noch besser! Von den verstreuten Hotels \u00fcber die Restaurants bis hin zu den kleinen L\u00e4den \u2013 die herzliche und authentische Gastfreundschaft der Einwohner wird Ihnen ein einzigartiges und unvergessliches Erlebnis bieten\u2026 Sie sind Teil unseres kleinen Universums und wir hei\u00dfen Sie willkommen, als w\u00e4ren Sie \u201eun dal pais\u201c.<\/p>\n<p>[\/et_pb_text][et_pb_text _builder_version=&#8220;4.27.4&#8243; _module_preset=&#8220;default&#8220; global_colors_info=&#8220;{}&#8220;]<\/p>\n<p><a href=\"https:\/\/www.visitzoncolan.com\" target=\"_blank\" rel=\"noopener\">https:\/\/www.visitzoncolan.com<\/a><\/p>\n<p>[\/et_pb_text][\/et_pb_column][et_pb_column type=&#8220;1_3&#8243; _builder_version=&#8220;4.27.4&#8243; _module_preset=&#8220;default&#8220; global_colors_info=&#8220;{}&#8220;][et_pb_image src=&#8220;https:\/\/www.dolomitivillage.it\/wp-content\/uploads\/2025\/12\/trekking-alps.png&#8220; alt=&#8220;Trekking Alps&#8220; align=&#8220;center&#8220; _builder_version=&#8220;4.27.4&#8243; _module_preset=&#8220;default&#8220; background_color=&#8220;RGBA(71,71,71,0)&#8220; module_alignment=&#8220;center&#8220; max_height=&#8220;100px&#8220; global_colors_info=&#8220;{}&#8220;][\/et_pb_image][et_pb_text _builder_version=&#8220;4.27.4&#8243; _module_preset=&#8220;default&#8220; global_colors_info=&#8220;{}&#8220;]<\/p>\n<p>Trekking Alps ist eine Gruppe von Wanderf\u00fchrern, die gef\u00fchrte Trekkingtouren in den italienischen Alpen, insbesondere zwischen Piemont und dem Aostatal, organisiert. Es bietet das ganze Jahr \u00fcber Trekking-Erlebnisse an, von einfachen Tageswanderungen bis hin zu mehrt\u00e4gigen Trekkingtouren, mit einheimischen F\u00fchrern und in kleinen Gruppen f\u00fcr einen verantwortungsvollen Tourismus. Die Abenteuer werden individuell auf Ihre W\u00fcnsche hinsichtlich Schwierigkeitsgrad, Dauer und Unterkunft zugeschnitten, damit Sie die Natur, Kultur und die authentischen Landschaften der Alpen entdecken k\u00f6nnen.<\/p>\n<p>[\/et_pb_text][et_pb_text _builder_version=&#8220;4.27.4&#8243; _module_preset=&#8220;default&#8220; global_colors_info=&#8220;{}&#8220;]<\/p>\n<p><a href=\"https:\/\/www.trekking-alps.com\" target=\"_blank\" rel=\"noopener\">https:\/\/www.trekking-alps.com<\/a><\/p>\n<p>[\/et_pb_text][\/et_pb_column][et_pb_column type=&#8220;1_3&#8243; _builder_version=&#8220;4.27.4&#8243; _module_preset=&#8220;default&#8220; global_colors_info=&#8220;{}&#8220;][et_pb_image src=&#8220;https:\/\/www.dolomitivillage.it\/wp-content\/uploads\/2025\/12\/the-natural-adventure.png&#8220; alt=&#8220;The Natural Adventure&#8220; align=&#8220;center&#8220; _builder_version=&#8220;4.27.4&#8243; _module_preset=&#8220;default&#8220; background_color=&#8220;RGBA(71,71,71,0)&#8220; module_alignment=&#8220;center&#8220; max_height=&#8220;100px&#8220; global_colors_info=&#8220;{}&#8220;][\/et_pb_image][et_pb_text _builder_version=&#8220;4.27.4&#8243; _module_preset=&#8220;default&#8220; global_colors_info=&#8220;{}&#8220;]<\/p>\n<p>Wir gestalten individuelle Wander- und Radtouren.<\/p>\n<p>[\/et_pb_text][et_pb_text _builder_version=&#8220;4.27.4&#8243; _module_preset=&#8220;default&#8220; global_colors_info=&#8220;{}&#8220;]<\/p>\n<p><a href=\"https:\/\/www.thenaturaladventure.com\" target=\"_blank\" rel=\"noopener\">https:\/\/www.thenaturaladventure.com<\/a><\/p>\n<p>[\/et_pb_text][\/et_pb_column][\/et_pb_row][et_pb_row column_structure=&#8220;1_3,1_3,1_3&#8243; make_equal=&#8220;on&#8220; _builder_version=&#8220;4.27.4&#8243; _module_preset=&#8220;default&#8220; global_colors_info=&#8220;{}&#8220;][et_pb_column type=&#8220;1_3&#8243; _builder_version=&#8220;4.27.4&#8243; _module_preset=&#8220;default&#8220; global_colors_info=&#8220;{}&#8220;][et_pb_image src=&#8220;https:\/\/www.dolomitivillage.it\/wp-content\/uploads\/2025\/12\/edenred.png&#8220; alt=&#8220;Italieonline&#8220; title_text=&#8220;Edenred&#8220; align=&#8220;center&#8220; _builder_version=&#8220;4.27.4&#8243; _module_preset=&#8220;default&#8220; background_color=&#8220;RGBA(71,71,71,0)&#8220; module_alignment=&#8220;center&#8220; max_height=&#8220;100px&#8220; global_colors_info=&#8220;{}&#8220;][\/et_pb_image][et_pb_text _builder_version=&#8220;4.27.4&#8243; _module_preset=&#8220;default&#8220; global_colors_info=&#8220;{}&#8220;]<\/p>\n<p>Edenred ist ein franz\u00f6sisches Unternehmen, das digitale Dienstleistungen und L\u00f6sungen f\u00fcr Unternehmen und deren Mitarbeiter anbietet, wie zum Beispiel Essensgutscheine, Einkaufsgutscheine und betriebliche Sozialprogramme. Die Produkte des Unternehmens sind darauf ausgelegt, Wohlbefinden, Konsumverhalten und Kaufkraft zu verbessern und k\u00f6nnen sowohl online als auch in Ladengesch\u00e4ften genutzt werden.<\/p>\n<p>[\/et_pb_text][et_pb_text _builder_version=&#8220;4.27.4&#8243; _module_preset=&#8220;default&#8220; global_colors_info=&#8220;{}&#8220;]<\/p>\n<p><a href=\"https:\/\/www.edenred.com\" target=\"_blank\" rel=\"noopener\">https:\/\/www.edenred.com<\/a><\/p>\n<p>[\/et_pb_text][\/et_pb_column][et_pb_column type=&#8220;1_3&#8243; _builder_version=&#8220;4.27.4&#8243; _module_preset=&#8220;default&#8220; global_colors_info=&#8220;{}&#8220;][et_pb_image src=&#8220;https:\/\/www.dolomitivillage.it\/wp-content\/uploads\/2025\/12\/welfare-pellegrini.png&#8220; alt=&#8220;Welfare Pellegrini&#8220; align=&#8220;center&#8220; _builder_version=&#8220;4.27.4&#8243; _module_preset=&#8220;default&#8220; background_color=&#8220;RGBA(71,71,71,0)&#8220; module_alignment=&#8220;center&#8220; max_height=&#8220;100px&#8220; global_colors_info=&#8220;{}&#8220;][\/et_pb_image][et_pb_text _builder_version=&#8220;4.27.4&#8243; _module_preset=&#8220;default&#8220; global_colors_info=&#8220;{}&#8220;]<\/p>\n<p>Welfare Pellegrini ist ein Unternehmen, das \u00fcber eine Technologieplattform und ein Netzwerk von Partnerorganisationen betriebliche Sozialleistungen f\u00fcr Mitarbeiter und deren Familien anbietet. Zu den Hauptprodukten geh\u00f6ren elektronische Essensgutscheine, Geschenkgutscheine und flexible Zusatzleistungen, die f\u00fcr verschiedene Zwecke genutzt werden k\u00f6nnen, wie z. B. f\u00fcr den Kauf von Waren und Dienstleistungen, Gesundheitsversorgung, Schulungen, Reisen und Sportausgaben, mit erheblichen Steuervorteilen sowohl f\u00fcr Unternehmen als auch f\u00fcr Arbeitnehmer.<\/p>\n<p>[\/et_pb_text][et_pb_text _builder_version=&#8220;4.27.4&#8243; _module_preset=&#8220;default&#8220; global_colors_info=&#8220;{}&#8220;]<\/p>\n<p><a href=\"https:\/\/welfarepellegrini.it\" target=\"_blank\" rel=\"noopener\">https:\/\/welfarepellegrini.it<\/a><\/p>\n<p>[\/et_pb_text][\/et_pb_column][et_pb_column type=&#8220;1_3&#8243; _builder_version=&#8220;4.27.4&#8243; _module_preset=&#8220;default&#8220; global_colors_info=&#8220;{}&#8220;][\/et_pb_column][\/et_pb_row][\/et_pb_section]<\/p>\n","protected":false},"excerpt":{"rendered":"<p>PartnerEin Netzwerk aus Partnern und Dienstleistern, die Ihren Aufenthalt zu einem einzigartigen Erlebnis machen.Bei uns f\u00fchlen Sie sich wie zu Hause \u2013 oder sogar noch besser! Von den verstreuten Hotels \u00fcber die Restaurants bis hin zu den kleinen L\u00e4den \u2013 die herzliche und authentische Gastfreundschaft der Einwohner wird Ihnen ein einzigartiges und unvergessliches Erlebnis bieten\u2026 [&hellip;]<\/p>\n","protected":false},"author":1,"featured_media":0,"parent":0,"menu_order":0,"comment_status":"closed","ping_status":"closed","template":"","meta":{"_et_pb_use_builder":"on","_et_pb_old_content":"","_et_gb_content_width":"","footnotes":""},"dipi_cpt_category":[],"class_list":["post-25281751","page","type-page","status-publish","hentry"],"_links":{"self":[{"href":"https:\/\/www.dolomitivillage.it\/de\/wp-json\/wp\/v2\/pages\/25281751","targetHints":{"allow":["GET"]}}],"collection":[{"href":"https:\/\/www.dolomitivillage.it\/de\/wp-json\/wp\/v2\/pages"}],"about":[{"href":"https:\/\/www.dolomitivillage.it\/de\/wp-json\/wp\/v2\/types\/page"}],"author":[{"embeddable":true,"href":"https:\/\/www.dolomitivillage.it\/de\/wp-json\/wp\/v2\/users\/1"}],"replies":[{"embeddable":true,"href":"https:\/\/www.dolomitivillage.it\/de\/wp-json\/wp\/v2\/comments?post=25281751"}],"version-history":[{"count":2,"href":"https:\/\/www.dolomitivillage.it\/de\/wp-json\/wp\/v2\/pages\/25281751\/revisions"}],"predecessor-version":[{"id":25281754,"href":"https:\/\/www.dolomitivillage.it\/de\/wp-json\/wp\/v2\/pages\/25281751\/revisions\/25281754"}],"wp:attachment":[{"href":"https:\/\/www.dolomitivillage.it\/de\/wp-json\/wp\/v2\/media?parent=25281751"}],"wp:term":[{"taxonomy":"dipi_cpt_category","embeddable":true,"href":"https:\/\/www.dolomitivillage.it\/de\/wp-json\/wp\/v2\/dipi_cpt_category?post=25281751"}],"curies":[{"name":"wp","href":"https:\/\/api.w.org\/{rel}","templated":true}]}}