{"id":19366195,"date":"2024-05-30T04:41:49","date_gmt":"2024-05-30T02:41:49","guid":{"rendered":"https:\/\/www.dolomitivillage.it\/faqs\/"},"modified":"2024-06-15T14:16:32","modified_gmt":"2024-06-15T12:16:32","slug":"faqs","status":"publish","type":"page","link":"https:\/\/www.dolomitivillage.it\/de\/faqs\/","title":{"rendered":"FAQs"},"content":{"rendered":"<p>[et_pb_section fb_built=&#8220;1&#8243; admin_label=&#8220;Secondary header&#8220; _builder_version=&#8220;4.25.1&#8243; _module_preset=&#8220;default&#8220; background_image=&#8220;https:\/\/www.dolomitivillage.it\/wp-content\/uploads\/2022\/10\/chalet-vacance-village-mountain-italy-2.jpg&#8220; background_position=&#8220;bottom_center&#8220; height=&#8220;70vh&#8220; global_colors_info=&#8220;{}&#8220;][\/et_pb_section][et_pb_section fb_built=&#8220;1&#8243; admin_label=&#8220;Section&#8220; _builder_version=&#8220;4.17.6&#8243; _module_preset=&#8220;default&#8220; background_color=&#8220;#f9f9f9&#8243; custom_padding=&#8220;||4px|||&#8220; global_colors_info=&#8220;{}&#8220;][et_pb_row custom_padding_last_edited=&#8220;on|phone&#8220; admin_label=&#8220;Row&#8220; _builder_version=&#8220;4.19.2&#8243; _module_preset=&#8220;default&#8220; width_tablet=&#8220;&#8220; width_phone=&#8220;90%&#8220; width_last_edited=&#8220;on|phone&#8220; custom_padding_tablet=&#8220;&#8220; custom_padding_phone=&#8220;0px||0px||true|false&#8220; global_colors_info=&#8220;{}&#8220;][et_pb_column type=&#8220;4_4&#8243; admin_label=&#8220;Column&#8220; _builder_version=&#8220;4.17.6&#8243; _module_preset=&#8220;default&#8220; global_colors_info=&#8220;{}&#8220;][et_pb_text admin_label=&#8220;Text&#8220; _builder_version=&#8220;4.25.1&#8243; _module_preset=&#8220;default&#8220; header_font=&#8220;||||||||&#8220; header_text_align=&#8220;center&#8220; header_font_size=&#8220;65px&#8220; text_orientation=&#8220;center&#8220; header_font_size_tablet=&#8220;65px&#8220; header_font_size_phone=&#8220;50px&#8220; header_font_size_last_edited=&#8220;on|phone&#8220; global_colors_info=&#8220;{}&#8220;]<\/p>\n<h1>FAQ<\/h1>\n<p>[\/et_pb_text][et_pb_image src=&#8220;https:\/\/www.dolomitivillage.it\/wp-content\/uploads\/2022\/09\/dolomiti-mappa-pin.png&#8220; title_text=&#8220;Dolomiten Karten-Pin&#8220; disabled_on=&#8220;on|on|off&#8220; admin_label=&#8220;Image&#8220; _builder_version=&#8220;4.19.2&#8243; _module_preset=&#8220;default&#8220; positioning=&#8220;absolute&#8220; vertical_offset=&#8220;-55px&#8220; horizontal_offset=&#8220;-381px&#8220; width=&#8220;100%&#8220; global_colors_info=&#8220;{}&#8220;][\/et_pb_image][\/et_pb_column][\/et_pb_row][et_pb_row _builder_version=&#8220;4.25.1&#8243; _module_preset=&#8220;default&#8220; width=&#8220;90%&#8220; global_colors_info=&#8220;{}&#8220;][et_pb_column type=&#8220;4_4&#8243; _builder_version=&#8220;4.25.1&#8243; _module_preset=&#8220;default&#8220; global_colors_info=&#8220;{}&#8220;][dipi_faq show_all=&#8220;on&#8220; faq_order_by=&#8220;date&#8220; icon_closed=&#8220;&#x33;||divi||400&#8243; icon_open=&#8220;&#x32;||divi||400&#8243; icon_open_color=&#8220;#C6B2A5&#8243; icon_closed_color=&#8220;#0C4754&#8243; icon_open_bg_color=&#8220;RGBA(255,255,255,0)&#8220; icon_closed_bg_color=&#8220;RGBA(255,255,255,0)&#8220; icon_open_font_size=&#8220;20px&#8220; icon_closed_font_size=&#8220;20px&#8220; module_id=&#8220;cws-pixel-faq-wrapper&#8220; _builder_version=&#8220;4.25.1&#8243; _module_preset=&#8220;default&#8220; hover_enabled=&#8220;0&#8243; global_colors_info=&#8220;{}&#8220; entry_margin_closed=&#8220;||10px||false|false&#8220; border_width_bottom_entries_closed=&#8220;1px&#8220; border_color_bottom_entries_closed=&#8220;#CCCCCC&#8220; border_width_bottom_entries_open=&#8220;1px&#8220; border_color_bottom_entries_open=&#8220;#CCCCCC&#8220; sticky_enabled=&#8220;0&#8243;][\/dipi_faq][\/et_pb_column][\/et_pb_row][et_pb_row make_equal=&#8220;on&#8220; admin_label=&#8220;Row&#8220; _builder_version=&#8220;4.25.1&#8243; _module_preset=&#8220;default&#8220; width_tablet=&#8220;&#8220; width_phone=&#8220;90%&#8220; width_last_edited=&#8220;on|phone&#8220; max_width=&#8220;1300px&#8220; custom_margin=&#8220;14px|auto|34px|auto||&#8220; global_colors_info=&#8220;{}&#8220;][et_pb_column type=&#8220;4_4&#8243; _builder_version=&#8220;4.25.1&#8243; _module_preset=&#8220;default&#8220; background_color=&#8220;#f4f4f4&#8243; custom_padding=&#8220;||||true|true&#8220; global_colors_info=&#8220;{}&#8220;][\/et_pb_column][\/et_pb_row][\/et_pb_section]<\/p>\n","protected":false},"excerpt":{"rendered":"<p>FAQ<div id=\"cws-pixel-faq-wrapper\" class=\"et_pb_with_border et_pb_module dipi_faq dipi_faq_0\">\n\t\t\t\t\n\t\t\t\t\n\t\t\t\t\n\t\t\t\t\n\t\t\t\t\n\t\t\t\t\n\t\t\t\t<div class=\"et_pb_module_inner\">\n\t\t\t\t\t<div class=\"dipi-faq-wrapper dipi-faq-toggles loading \" style=\"display: none;\" data-config=\"{&quot;layout&quot;:&quot;toggles&quot;}\">\n\t\t\t\t<script type=\"application\/ld+json\">{\"@context\":\"https:\\\/\\\/schema.org\",\"@type\":\"FAQPage\",\"@id\":false,\"mainEntity\":[{\"@type\":\"Question\",\"name\":\"\\\"Welche Arten von Chalets stehen zur Buchung zur Verf\\u00fcgung?\\\"\",\"acceptedAnswer\":{\"@type\":\"Answer\",\"text\":\"<p>&#8222;Unsere Chalets haben alle die gleiche Gr\\u00f6\\u00dfe und Ausstattung, sind auf zwei Etagen verteilt und bieten Platz f\\u00fcr zwei bis sechs Personen.&#8220;<\\\/p>\\n<p>&#8222;Im Erdgeschoss befindet sich der Wohnbereich mit einer voll ausgestatteten K\\u00fcche, einem Wohnbereich und einem Badezimmer mit Dusche und Doppel-Whirlpool.&#8220;<\\\/p>\\n<p>&#8222;Im ersten Stock befindet sich der Schlafbereich mit einem Schlafzimmer mit Doppelbett, einem Wohnbereich mit Schlafsofa und einem Zwischengeschoss mit zwei Einzelbetten.&#8220;<\\\/p>\\n<p>&#8222;Neben Geschirr sind in der K\\u00fcche des Chalets auch ein K\\u00fchlschrank mit Gefrierfach, eine Kaffeemaschine, ein Wasserkocher, eine Mikrowelle, Schw\\u00e4mme und Geschirrt\\u00fccher, Geschirrsp\\u00fclmittel und M\\u00fclltrennungst\\u00fcten vorhanden.&#8220;<\\\/p>\\n<p>&#8222;Es gibt keine Kaffeepadmaschine, Geschirrsp\\u00fcler oder Lebensmittel \\\/ Gew\\u00fcrze im Chalet.&#8220;<\\\/p>\\n<p>&#8222;Alle Chalets verf\\u00fcgen \\u00fcber eine Veranda und einen Grill im Freien. F\\u00fcr letzteren stellen wir das Brennholz zur Verf\\u00fcgung.&#8220;<\\\/p>\\n\"}},{\"@type\":\"Question\",\"name\":\"\\\"Wie kann ich die Verf\\u00fcgbarkeit pr\\u00fcfen und ein Chalet buchen?\\\"\",\"acceptedAnswer\":{\"@type\":\"Answer\",\"text\":\"<p>&#8222;Auf unserer offiziellen Website k\\u00f6nnen Sie in der Rubrik &#8218;Kostenloses Angebot&#8216; die Verf\\u00fcgbarkeit unserer Unterk\\u00fcnfte pr\\u00fcfen und gegebenenfalls gem\\u00e4\\u00df der gew\\u00e4hlten L\\u00f6sung buchen.&#8220;<\\\/p>\\n<p>&#8222;Um die Verf\\u00fcgbarkeit einer einzelnen \\u00dcbernachtung und der Hochsaisonzeiten zu pr\\u00fcfen, kontaktieren Sie uns bitte per E-Mail unter info@dolomitivillage.it oder telefonisch unter +39 391 4662408.&#8220;<\\\/p>\\n\"}},{\"@type\":\"Question\",\"name\":\"\\\"Was sind die Stornierungs- und R\\u00fcckerstattungsbedingungen?\\\"\",\"acceptedAnswer\":{\"@type\":\"Answer\",\"text\":\"<p>Wenn Sie eine Reservierung weniger als 14 Tage im Voraus stornieren (Mittelsaison- oder Nebensaison-Referenzzeitraum), wird eine Stornogeb\\u00fchr in H\\u00f6he von 50% der Reservierungskosten erhoben.<\\\/p>\\n<p>Wenn Sie eine Reservierung weniger als 30 Tage im Voraus stornieren (Hochsaison-Referenzzeitraum), wird eine Stornogeb\\u00fchr in H\\u00f6he von 50% der Reservierungskosten erhoben.<\\\/p>\\n<p>Bei Stornierung Ihrer Reservierung mit weniger als 24 Stunden Vorlaufzeit (ab 00:00 Uhr am Tag der Anreise) oder im Falle eines Nichterscheinens wird der gesamte Reservierungsbetrag einbehalten.<br \\\/>\\nWenn der Gast innerhalb des festgelegten Zeitraums storniert und eine R\\u00fcckerstattung der geleisteten Anzahlung beantragt, wird eine Summe in H\\u00f6he von 10% der geleisteten Anzahlung einbehalten.<\\\/p>\\n<p>&#8222;Es wird genehmigt, Strafgeb\\u00fchren, vorausbezahlte Betr\\u00e4ge und den Gesamtbetrag der Buchung zum angegebenen F\\u00e4lligkeitsdatum auf die zur Sicherheit \\u00fcbermittelte Kreditkarte zu belasten.&#8220;<\\\/p>\\n<p>&#8222;Wenn Sie stattdessen den Be Safe-Tarif w\\u00e4hlen, buchen Sie sorgenfrei dank der im \\u00dcbernachtungspreis enthaltenen Storno- und Krankenversicherung.&#8220;<\\\/p>\\n\"}},{\"@type\":\"Question\",\"name\":\"\\\"Sind Haustiere in den Chalets erlaubt?\\\"\",\"acceptedAnswer\":{\"@type\":\"Answer\",\"text\":\"<p>&#8222;Haustiere sind im Dorf gegen einen Aufpreis von 20 Euro pro Nacht und Tier erlaubt.&#8220;<\\\/p>\\n\"}},{\"@type\":\"Question\",\"name\":\"\\\"Welche Dienstleistungen sind im Aufenthalt inbegriffen?\\\"\",\"acceptedAnswer\":{\"@type\":\"Answer\",\"text\":\"<p>&#8222;Im \\u00dcbernachtungspreis inbegriffen sind Bett- und Badw\\u00e4sche, die Nutzung der vier Au\\u00dfensaunen im Dorf, die Endreinigung der Unterkunft und die WLAN-Verbindung.&#8220;<\\\/p>\\n<p>&#8222;Eine t\\u00e4gliche Reinigung der Unterkunft ist nicht vorgesehen, kann jedoch gegen Aufpreis angefordert werden.&#8220;<\\\/p>\\n<p>&#8222;Im Dorf gibt es das Restaurant Borgo Nomplan und das Wellnesscenter Calluna SPA, die auf Reservierung und gegen Geb\\u00fchr verf\\u00fcgbar sind.&#8220;<\\\/p>\\n\"}},{\"@type\":\"Question\",\"name\":\"\\\"Wie kann ich Ihre Einrichtung erreichen?\\\"\",\"acceptedAnswer\":{\"@type\":\"Answer\",\"text\":\"<p>&#8222;Unser Dorf liegt zwischen Comeglians und Ravascletto in Carnia (UD).&#8220;<\\\/p>\\n<p>&#8222;Der n\\u00e4chstgelegene Flughafen ist der Flughafen Triest \\u2013 Ronchi dei Legionari.&#8220;<\\\/p>\\n<p>&#8222;Der n\\u00e4chstgelegene Bahnhof ist der Bahnhof Carnia.&#8220;<\\\/p>\\n\"}},{\"@type\":\"Question\",\"name\":\"\\\"Gibt es Attraktionen oder Aktivit\\u00e4ten in der N\\u00e4he der Chalets?\\\"\",\"acceptedAnswer\":{\"@type\":\"Answer\",\"text\":\"<p>&#8222;3 km vom Dorf entfernt, genauer gesagt in Ravascletto, befinden sich die Aufstiegsanlagen zum Monte Zoncolan, die sowohl in der Winter- als auch in der Sommersaison ge\\u00f6ffnet sind.&#8220;<\\\/p>\\n<p>&#8222;Um die Aktivit\\u00e4ten in unserer Umgebung zu sehen und personalisierte Erlebnisse zu buchen, empfehlen wir, die Rubrik &#8218;EXPERIENCES&#8216; auf unserer Website zu besuchen.&#8220;<\\\/p>\\n\"}},{\"@type\":\"Question\",\"name\":\"\\\"Was sind die Regeln der Einrichtung?\\\"\",\"acceptedAnswer\":{\"@type\":\"Answer\",\"text\":\"<ul>\\n<li>&#8222;Die Check-in-Zeit ist von 15:00 bis 18:00, w\\u00e4hrend der Check-out bis 10:00 erfolgen muss.&#8220;\\n<p>&#8222;Es ist m\\u00f6glich, einen sp\\u00e4ten Check-out bis 18:00 Uhr (je nach Verf\\u00fcgbarkeit) gegen einen Aufpreis von 50,00 Euro zu vereinbaren.&#8220;<\\\/li>\\n<li>&#8222;Bitte respektieren Sie die Ruhezeit von 22:30 bis 8:00 Uhr und vermeiden Sie es, die Ruhe anderer zu st\\u00f6ren.&#8220;<\\\/li>\\n<li>&#8222;Rauchen ist in den Unterk\\u00fcnften und Einrichtungen des Dorfes verboten.&#8220;<\\\/li>\\n<\\\/ul>\\n\"}},{\"@type\":\"Question\",\"name\":\"\\\"Gibt es einen Parkplatz f\\u00fcr G\\u00e4ste?\\\"\",\"acceptedAnswer\":{\"@type\":\"Answer\",\"text\":\"<p>&#8222;Der f\\u00fcr G\\u00e4ste verf\\u00fcgbare Parkplatz ist ge\\u00f6ffnet und kostenlos und befindet sich am Eingang des Dorfes (das Parken in der N\\u00e4he der eigenen Unterkunft ist nicht gestattet).&#8220;<\\\/p>\\n\"}},{\"@type\":\"Question\",\"name\":\"\\\"Wie kann ich w\\u00e4hrend meines Aufenthalts die Rezeption kontaktieren?\\\"\",\"acceptedAnswer\":{\"@type\":\"Answer\",\"text\":\"<p>&#8222;Sie k\\u00f6nnen die Rezeption w\\u00e4hrend Ihres Aufenthalts unter den Nummern +39 3914662408 oder +39 0433 096739 kontaktieren.&#8220;<\\\/p>\\n\"}},{\"@type\":\"Question\",\"name\":\"\\\"Ist Ihre Einrichtung mit dem TUReSTA-Gutschein in FVG verbunden?\\\"\",\"acceptedAnswer\":{\"@type\":\"Answer\",\"text\":\"<p>&#8222;Es ist m\\u00f6glich, den TUReSTA-Gutschein in FVG in unserer Einrichtung bei einer Mindestbuchung von 3 N\\u00e4chten zu nutzen.&#8220; &#8222;Sie k\\u00f6nnen uns per E-Mail kontaktieren, um das auszuf\\u00fcllende Formular zu erhalten. Bei der Buchung auf unserer Website m\\u00fcssen Sie den Standardtarif ausw\\u00e4hlen.&#8220;<\\\/p>\\n\"}},{\"@type\":\"Question\",\"name\":\"\\\"Es ist m\\u00f6glich, ein Reisebett und einen Hochstuhl anzufordern?\\\"\",\"acceptedAnswer\":{\"@type\":\"Answer\",\"text\":\"<p>&#8222;Es ist m\\u00f6glich, kostenlos ein Reisebett und\\\/oder einen Hochstuhl anzufordern, vorausgesetzt, dies wird im Voraus mitgeteilt und wir haben Verf\\u00fcgbarkeit.&#8220;<\\\/p>\\n\"}}]}<\/script><div class=\"dipi-faq-entry\" data-entry-number=\"0\">\n                        <div class=\"dipi-faq-title\"><i class=\"dipi-faq-icon-open\">&#x32;<\/i>\n                                    <i class=\"dipi-faq-icon-closed\">&#x33;<\/i><span>\"Welche Arten von Chalets stehen zur Buchung zur Verf\u00fcgung?\"<\/span><\/div>\n                        <div class=\"dipi-faq-content\"><p>&#8222;Unsere Chalets haben alle die gleiche Gr\u00f6\u00dfe und Ausstattung, sind auf zwei Etagen verteilt und bieten Platz f\u00fcr zwei bis sechs Personen.&#8220;<\/p>\n<p>&#8222;Im Erdgeschoss befindet sich der Wohnbereich mit einer voll ausgestatteten K\u00fcche, einem Wohnbereich und einem Badezimmer mit Dusche und Doppel-Whirlpool.&#8220;<\/p>\n<p>&#8222;Im ersten Stock befindet sich der Schlafbereich mit einem Schlafzimmer mit Doppelbett, einem Wohnbereich mit Schlafsofa und einem Zwischengeschoss mit zwei Einzelbetten.&#8220;<\/p>\n<p>&#8222;Neben Geschirr sind in der K\u00fcche des Chalets auch ein K\u00fchlschrank mit Gefrierfach, eine Kaffeemaschine, ein Wasserkocher, eine Mikrowelle, Schw\u00e4mme und Geschirrt\u00fccher, Geschirrsp\u00fclmittel und M\u00fclltrennungst\u00fcten vorhanden.&#8220;<\/p>\n<p>&#8222;Es gibt keine Kaffeepadmaschine, Geschirrsp\u00fcler oder Lebensmittel \/ Gew\u00fcrze im Chalet.&#8220;<\/p>\n<p>&#8222;Alle Chalets verf\u00fcgen \u00fcber eine Veranda und einen Grill im Freien. F\u00fcr letzteren stellen wir das Brennholz zur Verf\u00fcgung.&#8220;<\/p>\n<\/div>\n                    <\/div><div class=\"dipi-faq-entry\" data-entry-number=\"1\">\n                        <div class=\"dipi-faq-title\"><i class=\"dipi-faq-icon-open\">&#x32;<\/i>\n                                    <i class=\"dipi-faq-icon-closed\">&#x33;<\/i><span>\"Wie kann ich die Verf\u00fcgbarkeit pr\u00fcfen und ein Chalet buchen?\"<\/span><\/div>\n                        <div class=\"dipi-faq-content\"><p>&#8222;Auf unserer offiziellen Website k\u00f6nnen Sie in der Rubrik &#8218;Kostenloses Angebot&#8216; die Verf\u00fcgbarkeit unserer Unterk\u00fcnfte pr\u00fcfen und gegebenenfalls gem\u00e4\u00df der gew\u00e4hlten L\u00f6sung buchen.&#8220;<\/p>\n<p>&#8222;Um die Verf\u00fcgbarkeit einer einzelnen \u00dcbernachtung und der Hochsaisonzeiten zu pr\u00fcfen, kontaktieren Sie uns bitte per E-Mail unter info@dolomitivillage.it oder telefonisch unter +39 391 4662408.&#8220;<\/p>\n<\/div>\n                    <\/div><div class=\"dipi-faq-entry\" data-entry-number=\"2\">\n                        <div class=\"dipi-faq-title\"><i class=\"dipi-faq-icon-open\">&#x32;<\/i>\n                                    <i class=\"dipi-faq-icon-closed\">&#x33;<\/i><span>\"Was sind die Stornierungs- und R\u00fcckerstattungsbedingungen?\"<\/span><\/div>\n                        <div class=\"dipi-faq-content\"><p>Wenn Sie eine Reservierung weniger als 14 Tage im Voraus stornieren (Mittelsaison- oder Nebensaison-Referenzzeitraum), wird eine Stornogeb\u00fchr in H\u00f6he von 50% der Reservierungskosten erhoben.<\/p>\n<p>Wenn Sie eine Reservierung weniger als 30 Tage im Voraus stornieren (Hochsaison-Referenzzeitraum), wird eine Stornogeb\u00fchr in H\u00f6he von 50% der Reservierungskosten erhoben.<\/p>\n<p>Bei Stornierung Ihrer Reservierung mit weniger als 24 Stunden Vorlaufzeit (ab 00:00 Uhr am Tag der Anreise) oder im Falle eines Nichterscheinens wird der gesamte Reservierungsbetrag einbehalten.<br \/>\nWenn der Gast innerhalb des festgelegten Zeitraums storniert und eine R\u00fcckerstattung der geleisteten Anzahlung beantragt, wird eine Summe in H\u00f6he von 10% der geleisteten Anzahlung einbehalten.<\/p>\n<p>&#8222;Es wird genehmigt, Strafgeb\u00fchren, vorausbezahlte Betr\u00e4ge und den Gesamtbetrag der Buchung zum angegebenen F\u00e4lligkeitsdatum auf die zur Sicherheit \u00fcbermittelte Kreditkarte zu belasten.&#8220;<\/p>\n<p>&#8222;Wenn Sie stattdessen den Be Safe-Tarif w\u00e4hlen, buchen Sie sorgenfrei dank der im \u00dcbernachtungspreis enthaltenen Storno- und Krankenversicherung.&#8220;<\/p>\n<\/div>\n                    <\/div><div class=\"dipi-faq-entry\" data-entry-number=\"3\">\n                        <div class=\"dipi-faq-title\"><i class=\"dipi-faq-icon-open\">&#x32;<\/i>\n                                    <i class=\"dipi-faq-icon-closed\">&#x33;<\/i><span>\"Sind Haustiere in den Chalets erlaubt?\"<\/span><\/div>\n                        <div class=\"dipi-faq-content\"><p>&#8222;Haustiere sind im Dorf gegen einen Aufpreis von 20 Euro pro Nacht und Tier erlaubt.&#8220;<\/p>\n<\/div>\n                    <\/div><div class=\"dipi-faq-entry\" data-entry-number=\"4\">\n                        <div class=\"dipi-faq-title\"><i class=\"dipi-faq-icon-open\">&#x32;<\/i>\n                                    <i class=\"dipi-faq-icon-closed\">&#x33;<\/i><span>\"Welche Dienstleistungen sind im Aufenthalt inbegriffen?\"<\/span><\/div>\n                        <div class=\"dipi-faq-content\"><p>&#8222;Im \u00dcbernachtungspreis inbegriffen sind Bett- und Badw\u00e4sche, die Nutzung der vier Au\u00dfensaunen im Dorf, die Endreinigung der Unterkunft und die WLAN-Verbindung.&#8220;<\/p>\n<p>&#8222;Eine t\u00e4gliche Reinigung der Unterkunft ist nicht vorgesehen, kann jedoch gegen Aufpreis angefordert werden.&#8220;<\/p>\n<p>&#8222;Im Dorf gibt es das Restaurant Borgo Nomplan und das Wellnesscenter Calluna SPA, die auf Reservierung und gegen Geb\u00fchr verf\u00fcgbar sind.&#8220;<\/p>\n<\/div>\n                    <\/div><div class=\"dipi-faq-entry\" data-entry-number=\"5\">\n                        <div class=\"dipi-faq-title\"><i class=\"dipi-faq-icon-open\">&#x32;<\/i>\n                                    <i class=\"dipi-faq-icon-closed\">&#x33;<\/i><span>\"Wie kann ich Ihre Einrichtung erreichen?\"<\/span><\/div>\n                        <div class=\"dipi-faq-content\"><p>&#8222;Unser Dorf liegt zwischen Comeglians und Ravascletto in Carnia (UD).&#8220;<\/p>\n<p>&#8222;Der n\u00e4chstgelegene Flughafen ist der Flughafen Triest \u2013 Ronchi dei Legionari.&#8220;<\/p>\n<p>&#8222;Der n\u00e4chstgelegene Bahnhof ist der Bahnhof Carnia.&#8220;<\/p>\n<\/div>\n                    <\/div><div class=\"dipi-faq-entry\" data-entry-number=\"6\">\n                        <div class=\"dipi-faq-title\"><i class=\"dipi-faq-icon-open\">&#x32;<\/i>\n                                    <i class=\"dipi-faq-icon-closed\">&#x33;<\/i><span>\"Gibt es Attraktionen oder Aktivit\u00e4ten in der N\u00e4he der Chalets?\"<\/span><\/div>\n                        <div class=\"dipi-faq-content\"><p>&#8222;3 km vom Dorf entfernt, genauer gesagt in Ravascletto, befinden sich die Aufstiegsanlagen zum Monte Zoncolan, die sowohl in der Winter- als auch in der Sommersaison ge\u00f6ffnet sind.&#8220;<\/p>\n<p>&#8222;Um die Aktivit\u00e4ten in unserer Umgebung zu sehen und personalisierte Erlebnisse zu buchen, empfehlen wir, die Rubrik &#8218;EXPERIENCES&#8216; auf unserer Website zu besuchen.&#8220;<\/p>\n<\/div>\n                    <\/div><div class=\"dipi-faq-entry\" data-entry-number=\"7\">\n                        <div class=\"dipi-faq-title\"><i class=\"dipi-faq-icon-open\">&#x32;<\/i>\n                                    <i class=\"dipi-faq-icon-closed\">&#x33;<\/i><span>\"Was sind die Regeln der Einrichtung?\"<\/span><\/div>\n                        <div class=\"dipi-faq-content\"><ul>\n<li>&#8222;Die Check-in-Zeit ist von 15:00 bis 18:00, w\u00e4hrend der Check-out bis 10:00 erfolgen muss.&#8220;\n<p>&#8222;Es ist m\u00f6glich, einen sp\u00e4ten Check-out bis 18:00 Uhr (je nach Verf\u00fcgbarkeit) gegen einen Aufpreis von 50,00 Euro zu vereinbaren.&#8220;<\/li>\n<li>&#8222;Bitte respektieren Sie die Ruhezeit von 22:30 bis 8:00 Uhr und vermeiden Sie es, die Ruhe anderer zu st\u00f6ren.&#8220;<\/li>\n<li>&#8222;Rauchen ist in den Unterk\u00fcnften und Einrichtungen des Dorfes verboten.&#8220;<\/li>\n<\/ul>\n<\/div>\n                    <\/div><div class=\"dipi-faq-entry\" data-entry-number=\"8\">\n                        <div class=\"dipi-faq-title\"><i class=\"dipi-faq-icon-open\">&#x32;<\/i>\n                                    <i class=\"dipi-faq-icon-closed\">&#x33;<\/i><span>\"Gibt es einen Parkplatz f\u00fcr G\u00e4ste?\"<\/span><\/div>\n                        <div class=\"dipi-faq-content\"><p>&#8222;Der f\u00fcr G\u00e4ste verf\u00fcgbare Parkplatz ist ge\u00f6ffnet und kostenlos und befindet sich am Eingang des Dorfes (das Parken in der N\u00e4he der eigenen Unterkunft ist nicht gestattet).&#8220;<\/p>\n<\/div>\n                    <\/div><div class=\"dipi-faq-entry\" data-entry-number=\"9\">\n                        <div class=\"dipi-faq-title\"><i class=\"dipi-faq-icon-open\">&#x32;<\/i>\n                                    <i class=\"dipi-faq-icon-closed\">&#x33;<\/i><span>\"Wie kann ich w\u00e4hrend meines Aufenthalts die Rezeption kontaktieren?\"<\/span><\/div>\n                        <div class=\"dipi-faq-content\"><p>&#8222;Sie k\u00f6nnen die Rezeption w\u00e4hrend Ihres Aufenthalts unter den Nummern +39 3914662408 oder +39 0433 096739 kontaktieren.&#8220;<\/p>\n<\/div>\n                    <\/div><div class=\"dipi-faq-entry\" data-entry-number=\"10\">\n                        <div class=\"dipi-faq-title\"><i class=\"dipi-faq-icon-open\">&#x32;<\/i>\n                                    <i class=\"dipi-faq-icon-closed\">&#x33;<\/i><span>\"Ist Ihre Einrichtung mit dem TUReSTA-Gutschein in FVG verbunden?\"<\/span><\/div>\n                        <div class=\"dipi-faq-content\"><p>&#8222;Es ist m\u00f6glich, den TUReSTA-Gutschein in FVG in unserer Einrichtung bei einer Mindestbuchung von 3 N\u00e4chten zu nutzen.&#8220; &#8222;Sie k\u00f6nnen uns per E-Mail kontaktieren, um das auszuf\u00fcllende Formular zu erhalten. Bei der Buchung auf unserer Website m\u00fcssen Sie den Standardtarif ausw\u00e4hlen.&#8220;<\/p>\n<\/div>\n                    <\/div><div class=\"dipi-faq-entry\" data-entry-number=\"11\">\n                        <div class=\"dipi-faq-title\"><i class=\"dipi-faq-icon-open\">&#x32;<\/i>\n                                    <i class=\"dipi-faq-icon-closed\">&#x33;<\/i><span>\"Es ist m\u00f6glich, ein Reisebett und einen Hochstuhl anzufordern?\"<\/span><\/div>\n                        <div class=\"dipi-faq-content\"><p>&#8222;Es ist m\u00f6glich, kostenlos ein Reisebett und\/oder einen Hochstuhl anzufordern, vorausgesetzt, dies wird im Voraus mitgeteilt und wir haben Verf\u00fcgbarkeit.&#8220;<\/p>\n<\/div>\n                    <\/div>\n\t\t\t<\/div>\n\t\t\t\t<\/div>\n\t\t\t<\/div><\/p>\n","protected":false},"author":1,"featured_media":0,"parent":0,"menu_order":0,"comment_status":"closed","ping_status":"closed","template":"","meta":{"_et_pb_use_builder":"on","_et_pb_old_content":"","_et_gb_content_width":"","footnotes":""},"dipi_cpt_category":[],"class_list":["post-19366195","page","type-page","status-publish","hentry"],"_links":{"self":[{"href":"https:\/\/www.dolomitivillage.it\/de\/wp-json\/wp\/v2\/pages\/19366195","targetHints":{"allow":["GET"]}}],"collection":[{"href":"https:\/\/www.dolomitivillage.it\/de\/wp-json\/wp\/v2\/pages"}],"about":[{"href":"https:\/\/www.dolomitivillage.it\/de\/wp-json\/wp\/v2\/types\/page"}],"author":[{"embeddable":true,"href":"https:\/\/www.dolomitivillage.it\/de\/wp-json\/wp\/v2\/users\/1"}],"replies":[{"embeddable":true,"href":"https:\/\/www.dolomitivillage.it\/de\/wp-json\/wp\/v2\/comments?post=19366195"}],"version-history":[{"count":2,"href":"https:\/\/www.dolomitivillage.it\/de\/wp-json\/wp\/v2\/pages\/19366195\/revisions"}],"predecessor-version":[{"id":19366197,"href":"https:\/\/www.dolomitivillage.it\/de\/wp-json\/wp\/v2\/pages\/19366195\/revisions\/19366197"}],"wp:attachment":[{"href":"https:\/\/www.dolomitivillage.it\/de\/wp-json\/wp\/v2\/media?parent=19366195"}],"wp:term":[{"taxonomy":"dipi_cpt_category","embeddable":true,"href":"https:\/\/www.dolomitivillage.it\/de\/wp-json\/wp\/v2\/dipi_cpt_category?post=19366195"}],"curies":[{"name":"wp","href":"https:\/\/api.w.org\/{rel}","templated":true}]}}